{"id":25,"date":"2023-10-19T10:07:31","date_gmt":"2023-10-19T10:07:31","guid":{"rendered":"https:\/\/hydrasphereplus.com\/?page_id=25"},"modified":"2023-11-27T22:16:19","modified_gmt":"2023-11-27T22:16:19","slug":"about","status":"publish","type":"page","link":"https:\/\/hydrasphereplus.com\/es\/about\/","title":{"rendered":"Acerca de"},"content":{"rendered":"<div data-elementor-type=\"wp-page\" data-elementor-id=\"25\" class=\"elementor elementor-25\" data-elementor-post-type=\"page\">\n\t\t\t\t<div data-dce-background-image-url=\"https:\/\/hydrasphereplus.com\/wp-content\/uploads\/2023\/10\/7.png\" class=\"elementor-element elementor-element-f8a408f e-flex e-con-boxed e-con e-parent\" data-id=\"f8a408f\" data-element_type=\"container\" data-e-type=\"container\" data-settings=\"{&quot;background_background&quot;:&quot;classic&quot;}\">\n\t\t\t\t\t<div class=\"e-con-inner\">\n\t\t\t\t<div class=\"elementor-element elementor-element-4348a18 elementor-invisible elementor-widget elementor-widget-heading\" data-id=\"4348a18\" data-element_type=\"widget\" data-e-type=\"widget\" data-settings=\"{&quot;_animation&quot;:&quot;fadeInUp&quot;}\" data-widget_type=\"heading.default\">\n\t\t\t\t<div class=\"elementor-widget-container\">\n\t\t\t\t\t<h1 class=\"elementor-heading-title elementor-size-default\">Redescubra <br>Luminosidad juvenil con Hydrasphere<\/h1>\t\t\t\t<\/div>\n\t\t\t\t<\/div>\n\t\t\t\t<div class=\"elementor-element elementor-element-8de37e6 elementor-invisible elementor-widget elementor-widget-heading\" data-id=\"8de37e6\" data-element_type=\"widget\" data-e-type=\"widget\" data-settings=\"{&quot;_animation&quot;:&quot;fadeInUp&quot;}\" data-widget_type=\"heading.default\">\n\t\t\t\t<div class=\"elementor-widget-container\">\n\t\t\t\t\t<h2 class=\"elementor-heading-title elementor-size-default\">Libere el poder de la hidrataci\u00f3n pura.<\/h2>\t\t\t\t<\/div>\n\t\t\t\t<\/div>\n\t\t\t\t\t<\/div>\n\t\t\t\t<\/div>\n\t\t<div data-dce-background-color=\"#E1CEC3\" class=\"elementor-element elementor-element-a49f890 e-flex e-con-boxed e-con e-parent\" data-id=\"a49f890\" data-element_type=\"container\" data-e-type=\"container\" data-settings=\"{&quot;background_background&quot;:&quot;classic&quot;}\">\n\t\t\t\t\t<div class=\"e-con-inner\">\n\t\t<div class=\"elementor-element elementor-element-db22e41 e-con-full e-flex e-con e-child\" data-id=\"db22e41\" data-element_type=\"container\" data-e-type=\"container\">\n\t\t\t\t<div class=\"elementor-element elementor-element-b47a11a elementor-invisible elementor-widget elementor-widget-heading\" data-id=\"b47a11a\" data-element_type=\"widget\" data-e-type=\"widget\" data-settings=\"{&quot;_animation&quot;:&quot;fadeInUp&quot;}\" data-widget_type=\"heading.default\">\n\t\t\t\t<div class=\"elementor-widget-container\">\n\t\t\t\t\t<h2 class=\"elementor-heading-title elementor-size-default\">Nuestra filosof\u00eda de cuidado de la piel <\/h2>\t\t\t\t<\/div>\n\t\t\t\t<\/div>\n\t\t\t\t<\/div>\n\t\t<div class=\"elementor-element elementor-element-288bd8a e-con-full e-flex e-con e-child\" data-id=\"288bd8a\" data-element_type=\"container\" data-e-type=\"container\">\n\t\t\t\t<div class=\"elementor-element elementor-element-2c82258 elementor-invisible elementor-widget elementor-widget-text-editor\" data-id=\"2c82258\" data-element_type=\"widget\" data-e-type=\"widget\" data-settings=\"{&quot;_animation&quot;:&quot;fadeInUp&quot;}\" data-widget_type=\"text-editor.default\">\n\t\t\t\t<div class=\"elementor-widget-container\">\n\t\t\t\t\t\t\t\t\t<p>Bienvenido a Hydrasphere+, donde la belleza no conoce fronteras. Somos los visionarios de la innovaci\u00f3n en el cuidado org\u00e1nico de la piel, y nuestra misi\u00f3n es sencilla: ofrecer a hombres y mujeres la magia transformadora de la belleza natural. Imagine un cuidado de la piel org\u00e1nico y de alta calidad que no s\u00f3lo satisfaga sus deseos \u00fanicos, sino que tambi\u00e9n cuide de la salud de su piel, al tiempo que celebra la belleza de la diversidad.<\/p>\t\t\t\t\t\t\t\t<\/div>\n\t\t\t\t<\/div>\n\t\t\t\t<\/div>\n\t\t\t\t\t<\/div>\n\t\t\t\t<\/div>\n\t\t<div data-dce-background-image-url=\"https:\/\/hydrasphereplus.com\/wp-content\/uploads\/2023\/10\/8.png\" class=\"elementor-element elementor-element-6598337 e-flex e-con-boxed e-con e-parent\" data-id=\"6598337\" data-element_type=\"container\" data-e-type=\"container\" data-settings=\"{&quot;background_background&quot;:&quot;classic&quot;}\">\n\t\t\t\t\t<div class=\"e-con-inner\">\n\t\t<div class=\"elementor-element elementor-element-38329ea e-con-full e-flex e-con e-child\" data-id=\"38329ea\" data-element_type=\"container\" data-e-type=\"container\">\n\t\t\t\t<\/div>\n\t\t<div class=\"elementor-element elementor-element-2aa36ee e-con-full e-flex e-con e-child\" data-id=\"2aa36ee\" data-element_type=\"container\" data-e-type=\"container\">\n\t\t\t\t<div class=\"elementor-element elementor-element-59026c9 elementor-invisible elementor-widget elementor-widget-heading\" data-id=\"59026c9\" data-element_type=\"widget\" data-e-type=\"widget\" data-settings=\"{&quot;_animation&quot;:&quot;fadeInUp&quot;}\" data-widget_type=\"heading.default\">\n\t\t\t\t<div class=\"elementor-widget-container\">\n\t\t\t\t\t<h2 class=\"elementor-heading-title elementor-size-default\">Tus salvadores de la piel<\/h2>\t\t\t\t<\/div>\n\t\t\t\t<\/div>\n\t\t\t\t<div class=\"elementor-element elementor-element-53e35e7 elementor-invisible elementor-widget elementor-widget-text-editor\" data-id=\"53e35e7\" data-element_type=\"widget\" data-e-type=\"widget\" data-settings=\"{&quot;_animation&quot;:&quot;fadeInUp&quot;}\" data-widget_type=\"text-editor.default\">\n\t\t\t\t<div class=\"elementor-widget-container\">\n\t\t\t\t\t\t\t\t\tCon un compromiso con la calidad, la innovaci\u00f3n, la sostenibilidad, la integridad y la inclusi\u00f3n, hemos elaborado nuestros productos con esmero, procedentes de las profundidades de nuestro para\u00edso org\u00e1nico. Acomp\u00e1\u00f1anos en este viaje para descubrir la verdad que se esconde detr\u00e1s de nuestro cuidado de la piel y revelar nuestro yo m\u00e1s radiante y seguro. Tu piel no se merece menos.\t\t\t\t\t\t\t\t<\/div>\n\t\t\t\t<\/div>\n\t\t\t\t<\/div>\n\t\t\t\t\t<\/div>\n\t\t\t\t<\/div>\n\t\t<div class=\"elementor-element elementor-element-b3b11da e-flex e-con-boxed e-con e-parent\" data-id=\"b3b11da\" data-element_type=\"container\" data-e-type=\"container\">\n\t\t\t\t\t<div class=\"e-con-inner\">\n\t\t\t\t<div class=\"elementor-element elementor-element-72b2ce5 elementor-invisible elementor-widget elementor-widget-heading\" data-id=\"72b2ce5\" data-element_type=\"widget\" data-e-type=\"widget\" data-settings=\"{&quot;_animation&quot;:&quot;fadeInUp&quot;}\" data-widget_type=\"heading.default\">\n\t\t\t\t<div class=\"elementor-widget-container\">\n\t\t\t\t\t<h2 class=\"elementor-heading-title elementor-size-default\">Su viaje comienza con...<\/h2>\t\t\t\t<\/div>\n\t\t\t\t<\/div>\n\t\t<div class=\"elementor-element elementor-element-b3e18da e-flex e-con-boxed e-con e-child\" data-id=\"b3e18da\" data-element_type=\"container\" data-e-type=\"container\">\n\t\t\t\t\t<div class=\"e-con-inner\">\n\t\t<div class=\"elementor-element elementor-element-b474534 e-grid e-con-boxed e-con e-child\" data-id=\"b474534\" data-element_type=\"container\" data-e-type=\"container\">\n\t\t\t\t\t<div class=\"e-con-inner\">\n\t\t<div class=\"elementor-element elementor-element-858249f e-flex e-con-boxed elementor-invisible e-con e-child\" data-id=\"858249f\" data-element_type=\"container\" data-e-type=\"container\" data-settings=\"{&quot;animation&quot;:&quot;fadeInUp&quot;}\">\n\t\t\t\t\t<div class=\"e-con-inner\">\n\t\t\t\t<div class=\"elementor-element elementor-element-efb8fc3 dce_masking-none elementor-widget elementor-widget-image\" data-id=\"efb8fc3\" data-element_type=\"widget\" data-e-type=\"widget\" data-widget_type=\"image.default\">\n\t\t\t\t<div class=\"elementor-widget-container\">\n\t\t\t\t\t\t\t\t\t\t\t\t\t\t\t<img fetchpriority=\"high\" decoding=\"async\" width=\"768\" height=\"432\" src=\"https:\/\/hydrasphereplus.com\/wp-content\/uploads\/2023\/10\/11-768x432.png\" class=\"attachment-medium_large size-medium_large wp-image-117\" alt=\"\" srcset=\"https:\/\/hydrasphereplus.com\/wp-content\/uploads\/2023\/10\/11-768x432.png 768w, https:\/\/hydrasphereplus.com\/wp-content\/uploads\/2023\/10\/11-300x169.png 300w, https:\/\/hydrasphereplus.com\/wp-content\/uploads\/2023\/10\/11-1024x576.png 1024w, https:\/\/hydrasphereplus.com\/wp-content\/uploads\/2023\/10\/11-1536x864.png 1536w, https:\/\/hydrasphereplus.com\/wp-content\/uploads\/2023\/10\/11-600x338.png 600w, https:\/\/hydrasphereplus.com\/wp-content\/uploads\/2023\/10\/11.png 1920w\" sizes=\"(max-width: 768px) 100vw, 768px\" \/>\t\t\t\t\t\t\t\t\t\t\t\t\t\t\t<\/div>\n\t\t\t\t<\/div>\n\t\t\t\t<div class=\"elementor-element elementor-element-498b53a elementor-widget elementor-widget-heading\" data-id=\"498b53a\" data-element_type=\"widget\" data-e-type=\"widget\" data-widget_type=\"heading.default\">\n\t\t\t\t<div class=\"elementor-widget-container\">\n\t\t\t\t\t<h5 class=\"elementor-heading-title elementor-size-default\">Ingredientes ecol\u00f3gicos y naturales<\/h5>\t\t\t\t<\/div>\n\t\t\t\t<\/div>\n\t\t\t\t\t<\/div>\n\t\t\t\t<\/div>\n\t\t<div class=\"elementor-element elementor-element-484d75c e-flex e-con-boxed elementor-invisible e-con e-child\" data-id=\"484d75c\" data-element_type=\"container\" data-e-type=\"container\" data-settings=\"{&quot;animation&quot;:&quot;fadeInUp&quot;}\">\n\t\t\t\t\t<div class=\"e-con-inner\">\n\t\t\t\t<div class=\"elementor-element elementor-element-e13bb03 dce_masking-none elementor-widget elementor-widget-image\" data-id=\"e13bb03\" data-element_type=\"widget\" data-e-type=\"widget\" data-widget_type=\"image.default\">\n\t\t\t\t<div class=\"elementor-widget-container\">\n\t\t\t\t\t\t\t\t\t\t\t\t\t\t\t<img decoding=\"async\" width=\"768\" height=\"432\" src=\"https:\/\/hydrasphereplus.com\/wp-content\/uploads\/2023\/10\/12-768x432.png\" class=\"attachment-medium_large size-medium_large wp-image-118\" alt=\"\" srcset=\"https:\/\/hydrasphereplus.com\/wp-content\/uploads\/2023\/10\/12-768x432.png 768w, https:\/\/hydrasphereplus.com\/wp-content\/uploads\/2023\/10\/12-300x169.png 300w, https:\/\/hydrasphereplus.com\/wp-content\/uploads\/2023\/10\/12-1024x576.png 1024w, https:\/\/hydrasphereplus.com\/wp-content\/uploads\/2023\/10\/12-1536x864.png 1536w, https:\/\/hydrasphereplus.com\/wp-content\/uploads\/2023\/10\/12-600x338.png 600w, https:\/\/hydrasphereplus.com\/wp-content\/uploads\/2023\/10\/12.png 1920w\" sizes=\"(max-width: 768px) 100vw, 768px\" \/>\t\t\t\t\t\t\t\t\t\t\t\t\t\t\t<\/div>\n\t\t\t\t<\/div>\n\t\t\t\t<div class=\"elementor-element elementor-element-c730f4d elementor-widget elementor-widget-heading\" data-id=\"c730f4d\" data-element_type=\"widget\" data-e-type=\"widget\" data-widget_type=\"heading.default\">\n\t\t\t\t<div class=\"elementor-widget-container\">\n\t\t\t\t\t<h5 class=\"elementor-heading-title elementor-size-default\">Recomendado y probado dermatol\u00f3gicamente<\/h5>\t\t\t\t<\/div>\n\t\t\t\t<\/div>\n\t\t\t\t\t<\/div>\n\t\t\t\t<\/div>\n\t\t<div class=\"elementor-element elementor-element-39a3036 e-flex e-con-boxed elementor-invisible e-con e-child\" data-id=\"39a3036\" data-element_type=\"container\" data-e-type=\"container\" data-settings=\"{&quot;animation&quot;:&quot;fadeInUp&quot;}\">\n\t\t\t\t\t<div class=\"e-con-inner\">\n\t\t\t\t<div class=\"elementor-element elementor-element-cf80bda dce_masking-none elementor-widget elementor-widget-image\" data-id=\"cf80bda\" data-element_type=\"widget\" data-e-type=\"widget\" data-widget_type=\"image.default\">\n\t\t\t\t<div class=\"elementor-widget-container\">\n\t\t\t\t\t\t\t\t\t\t\t\t\t\t\t<img decoding=\"async\" width=\"768\" height=\"432\" src=\"https:\/\/hydrasphereplus.com\/wp-content\/uploads\/2023\/10\/16-768x432.png\" class=\"attachment-medium_large size-medium_large wp-image-122\" alt=\"\" srcset=\"https:\/\/hydrasphereplus.com\/wp-content\/uploads\/2023\/10\/16-768x432.png 768w, https:\/\/hydrasphereplus.com\/wp-content\/uploads\/2023\/10\/16-300x169.png 300w, https:\/\/hydrasphereplus.com\/wp-content\/uploads\/2023\/10\/16-1024x576.png 1024w, https:\/\/hydrasphereplus.com\/wp-content\/uploads\/2023\/10\/16-1536x864.png 1536w, https:\/\/hydrasphereplus.com\/wp-content\/uploads\/2023\/10\/16-600x338.png 600w, https:\/\/hydrasphereplus.com\/wp-content\/uploads\/2023\/10\/16.png 1920w\" sizes=\"(max-width: 768px) 100vw, 768px\" \/>\t\t\t\t\t\t\t\t\t\t\t\t\t\t\t<\/div>\n\t\t\t\t<\/div>\n\t\t\t\t<div class=\"elementor-element elementor-element-1e5417d elementor-widget elementor-widget-heading\" data-id=\"1e5417d\" data-element_type=\"widget\" data-e-type=\"widget\" data-widget_type=\"heading.default\">\n\t\t\t\t<div class=\"elementor-widget-container\">\n\t\t\t\t\t<h5 class=\"elementor-heading-title elementor-size-default\">Sin parabenos<\/h5>\t\t\t\t<\/div>\n\t\t\t\t<\/div>\n\t\t\t\t\t<\/div>\n\t\t\t\t<\/div>\n\t\t<div class=\"elementor-element elementor-element-7776671 e-flex e-con-boxed elementor-invisible e-con e-child\" data-id=\"7776671\" data-element_type=\"container\" data-e-type=\"container\" data-settings=\"{&quot;animation&quot;:&quot;fadeInUp&quot;}\">\n\t\t\t\t\t<div class=\"e-con-inner\">\n\t\t\t\t<div class=\"elementor-element elementor-element-79f8c47 dce_masking-none elementor-widget elementor-widget-image\" data-id=\"79f8c47\" data-element_type=\"widget\" data-e-type=\"widget\" data-widget_type=\"image.default\">\n\t\t\t\t<div class=\"elementor-widget-container\">\n\t\t\t\t\t\t\t\t\t\t\t\t\t\t\t<img loading=\"lazy\" decoding=\"async\" width=\"768\" height=\"432\" src=\"https:\/\/hydrasphereplus.com\/wp-content\/uploads\/2023\/10\/13-768x432.png\" class=\"attachment-medium_large size-medium_large wp-image-119\" alt=\"\" srcset=\"https:\/\/hydrasphereplus.com\/wp-content\/uploads\/2023\/10\/13-768x432.png 768w, https:\/\/hydrasphereplus.com\/wp-content\/uploads\/2023\/10\/13-300x169.png 300w, https:\/\/hydrasphereplus.com\/wp-content\/uploads\/2023\/10\/13-1024x576.png 1024w, https:\/\/hydrasphereplus.com\/wp-content\/uploads\/2023\/10\/13-1536x864.png 1536w, https:\/\/hydrasphereplus.com\/wp-content\/uploads\/2023\/10\/13-600x338.png 600w, https:\/\/hydrasphereplus.com\/wp-content\/uploads\/2023\/10\/13.png 1920w\" sizes=\"(max-width: 768px) 100vw, 768px\" \/>\t\t\t\t\t\t\t\t\t\t\t\t\t\t\t<\/div>\n\t\t\t\t<\/div>\n\t\t\t\t<div class=\"elementor-element elementor-element-02a0d81 elementor-widget elementor-widget-heading\" data-id=\"02a0d81\" data-element_type=\"widget\" data-e-type=\"widget\" data-widget_type=\"heading.default\">\n\t\t\t\t<div class=\"elementor-widget-container\">\n\t\t\t\t\t<h5 class=\"elementor-heading-title elementor-size-default\">Productos sin crueldad<\/h5>\t\t\t\t<\/div>\n\t\t\t\t<\/div>\n\t\t\t\t\t<\/div>\n\t\t\t\t<\/div>\n\t\t<div class=\"elementor-element elementor-element-df2d33a e-flex e-con-boxed elementor-invisible e-con e-child\" data-id=\"df2d33a\" data-element_type=\"container\" data-e-type=\"container\" data-settings=\"{&quot;animation&quot;:&quot;fadeInUp&quot;}\">\n\t\t\t\t\t<div class=\"e-con-inner\">\n\t\t\t\t<div class=\"elementor-element elementor-element-f48bb7c dce_masking-none elementor-widget elementor-widget-image\" data-id=\"f48bb7c\" data-element_type=\"widget\" data-e-type=\"widget\" data-widget_type=\"image.default\">\n\t\t\t\t<div class=\"elementor-widget-container\">\n\t\t\t\t\t\t\t\t\t\t\t\t\t\t\t<img loading=\"lazy\" decoding=\"async\" width=\"768\" height=\"432\" src=\"https:\/\/hydrasphereplus.com\/wp-content\/uploads\/2023\/10\/14-768x432.png\" class=\"attachment-medium_large size-medium_large wp-image-120\" alt=\"\" srcset=\"https:\/\/hydrasphereplus.com\/wp-content\/uploads\/2023\/10\/14-768x432.png 768w, https:\/\/hydrasphereplus.com\/wp-content\/uploads\/2023\/10\/14-300x169.png 300w, https:\/\/hydrasphereplus.com\/wp-content\/uploads\/2023\/10\/14-1024x576.png 1024w, https:\/\/hydrasphereplus.com\/wp-content\/uploads\/2023\/10\/14-1536x864.png 1536w, https:\/\/hydrasphereplus.com\/wp-content\/uploads\/2023\/10\/14-600x338.png 600w, https:\/\/hydrasphereplus.com\/wp-content\/uploads\/2023\/10\/14.png 1920w\" sizes=\"(max-width: 768px) 100vw, 768px\" \/>\t\t\t\t\t\t\t\t\t\t\t\t\t\t\t<\/div>\n\t\t\t\t<\/div>\n\t\t\t\t<div class=\"elementor-element elementor-element-c33831d elementor-widget elementor-widget-heading\" data-id=\"c33831d\" data-element_type=\"widget\" data-e-type=\"widget\" data-widget_type=\"heading.default\">\n\t\t\t\t<div class=\"elementor-widget-container\">\n\t\t\t\t\t<h5 class=\"elementor-heading-title elementor-size-default\">Productos aprobados por la FDA<\/h5>\t\t\t\t<\/div>\n\t\t\t\t<\/div>\n\t\t\t\t\t<\/div>\n\t\t\t\t<\/div>\n\t\t<div class=\"elementor-element elementor-element-e2e4aee e-flex e-con-boxed elementor-invisible e-con e-child\" data-id=\"e2e4aee\" data-element_type=\"container\" data-e-type=\"container\" data-settings=\"{&quot;animation&quot;:&quot;fadeInUp&quot;}\">\n\t\t\t\t\t<div class=\"e-con-inner\">\n\t\t\t\t<div class=\"elementor-element elementor-element-b58eff8 dce_masking-none elementor-widget elementor-widget-image\" data-id=\"b58eff8\" data-element_type=\"widget\" data-e-type=\"widget\" data-widget_type=\"image.default\">\n\t\t\t\t<div class=\"elementor-widget-container\">\n\t\t\t\t\t\t\t\t\t\t\t\t\t\t\t<img loading=\"lazy\" decoding=\"async\" width=\"768\" height=\"432\" src=\"https:\/\/hydrasphereplus.com\/wp-content\/uploads\/2023\/10\/15-768x432.png\" class=\"attachment-medium_large size-medium_large wp-image-121\" alt=\"\" srcset=\"https:\/\/hydrasphereplus.com\/wp-content\/uploads\/2023\/10\/15-768x432.png 768w, https:\/\/hydrasphereplus.com\/wp-content\/uploads\/2023\/10\/15-300x169.png 300w, https:\/\/hydrasphereplus.com\/wp-content\/uploads\/2023\/10\/15-1024x576.png 1024w, https:\/\/hydrasphereplus.com\/wp-content\/uploads\/2023\/10\/15-1536x864.png 1536w, https:\/\/hydrasphereplus.com\/wp-content\/uploads\/2023\/10\/15-600x338.png 600w, https:\/\/hydrasphereplus.com\/wp-content\/uploads\/2023\/10\/15.png 1920w\" sizes=\"(max-width: 768px) 100vw, 768px\" \/>\t\t\t\t\t\t\t\t\t\t\t\t\t\t\t<\/div>\n\t\t\t\t<\/div>\n\t\t\t\t<div class=\"elementor-element elementor-element-c2588f2 elementor-widget elementor-widget-heading\" data-id=\"c2588f2\" data-element_type=\"widget\" data-e-type=\"widget\" data-widget_type=\"heading.default\">\n\t\t\t\t<div class=\"elementor-widget-container\">\n\t\t\t\t\t<h5 class=\"elementor-heading-title elementor-size-default\">Envases ecol\u00f3gicos y sostenibles<\/h5>\t\t\t\t<\/div>\n\t\t\t\t<\/div>\n\t\t\t\t\t<\/div>\n\t\t\t\t<\/div>\n\t\t\t\t\t<\/div>\n\t\t\t\t<\/div>\n\t\t\t\t\t<\/div>\n\t\t\t\t<\/div>\n\t\t\t\t\t<\/div>\n\t\t\t\t<\/div>\n\t\t\t\t<\/div>","protected":false},"excerpt":{"rendered":"<p>Rediscover Youthful Radiance with Hydrasphere+ Unleash the Power of Pure Hydration. Our skincare philosophy Welcome to Hydrasphere+, where beauty knows no boundaries. We&#8217;re the visionaries of organic skincare innovation, and our mission is simple: to empower both men and women with the transformative magic of nature-infused beauty. Imagine high-quality, organic-rich skincare that not only caters [&hellip;]<\/p>\n","protected":false},"author":2,"featured_media":0,"parent":0,"menu_order":0,"comment_status":"closed","ping_status":"closed","template":"","meta":{"_coblocks_attr":"","_coblocks_dimensions":"","_coblocks_responsive_height":"","_coblocks_accordion_ie_support":"","footnotes":""},"class_list":["post-25","page","type-page","status-publish","hentry"],"acf":[],"_links":{"self":[{"href":"https:\/\/hydrasphereplus.com\/es\/wp-json\/wp\/v2\/pages\/25","targetHints":{"allow":["GET"]}}],"collection":[{"href":"https:\/\/hydrasphereplus.com\/es\/wp-json\/wp\/v2\/pages"}],"about":[{"href":"https:\/\/hydrasphereplus.com\/es\/wp-json\/wp\/v2\/types\/page"}],"author":[{"embeddable":true,"href":"https:\/\/hydrasphereplus.com\/es\/wp-json\/wp\/v2\/users\/2"}],"replies":[{"embeddable":true,"href":"https:\/\/hydrasphereplus.com\/es\/wp-json\/wp\/v2\/comments?post=25"}],"version-history":[{"count":70,"href":"https:\/\/hydrasphereplus.com\/es\/wp-json\/wp\/v2\/pages\/25\/revisions"}],"predecessor-version":[{"id":846,"href":"https:\/\/hydrasphereplus.com\/es\/wp-json\/wp\/v2\/pages\/25\/revisions\/846"}],"wp:attachment":[{"href":"https:\/\/hydrasphereplus.com\/es\/wp-json\/wp\/v2\/media?parent=25"}],"curies":[{"name":"wp","href":"https:\/\/api.w.org\/{rel}","templated":true}]}}