{"id":2964,"date":"2025-11-11T00:02:49","date_gmt":"2025-11-11T00:02:49","guid":{"rendered":"https:\/\/hydrasphereplus.com\/?page_id=2964"},"modified":"2025-11-13T23:46:20","modified_gmt":"2025-11-13T23:46:20","slug":"science","status":"publish","type":"page","link":"https:\/\/hydrasphereplus.com\/es\/science\/","title":{"rendered":"Ciencia"},"content":{"rendered":"<div data-elementor-type=\"wp-page\" data-elementor-id=\"2964\" class=\"elementor elementor-2964\" data-elementor-post-type=\"page\">\n\t\t\t\t<div class=\"elementor-element elementor-element-c95db12 e-con-full e-flex e-con e-parent\" data-id=\"c95db12\" data-element_type=\"container\" data-e-type=\"container\">\n\t\t\t\t<div class=\"elementor-element elementor-element-30a0dc7 dce_masking-none elementor-widget elementor-widget-image\" data-id=\"30a0dc7\" data-element_type=\"widget\" data-e-type=\"widget\" data-widget_type=\"image.default\">\n\t\t\t\t<div class=\"elementor-widget-container\">\n\t\t\t\t\t\t\t\t\t\t\t\t\t\t\t<img fetchpriority=\"high\" decoding=\"async\" width=\"800\" height=\"450\" src=\"https:\/\/hydrasphereplus.com\/wp-content\/uploads\/2025\/11\/Photo-28-1024x576.jpg\" class=\"attachment-large size-large wp-image-2969\" alt=\"\" srcset=\"https:\/\/hydrasphereplus.com\/wp-content\/uploads\/2025\/11\/Photo-28-1024x576.jpg 1024w, https:\/\/hydrasphereplus.com\/wp-content\/uploads\/2025\/11\/Photo-28-300x169.jpg 300w, https:\/\/hydrasphereplus.com\/wp-content\/uploads\/2025\/11\/Photo-28-768x432.jpg 768w, https:\/\/hydrasphereplus.com\/wp-content\/uploads\/2025\/11\/Photo-28-1536x864.jpg 1536w, https:\/\/hydrasphereplus.com\/wp-content\/uploads\/2025\/11\/Photo-28-2048x1151.jpg 2048w, https:\/\/hydrasphereplus.com\/wp-content\/uploads\/2025\/11\/Photo-28-18x10.jpg 18w, https:\/\/hydrasphereplus.com\/wp-content\/uploads\/2025\/11\/Photo-28-600x337.jpg 600w\" sizes=\"(max-width: 800px) 100vw, 800px\" \/>\t\t\t\t\t\t\t\t\t\t\t\t\t\t\t<\/div>\n\t\t\t\t<\/div>\n\t\t\t\t<\/div>\n\t\t<div class=\"elementor-element elementor-element-45bb4ca e-flex e-con-boxed e-con e-parent\" data-id=\"45bb4ca\" data-element_type=\"container\" data-e-type=\"container\">\n\t\t\t\t\t<div class=\"e-con-inner\">\n\t\t\t\t<div class=\"elementor-element elementor-element-d744c56 elementor-widget elementor-widget-heading\" data-id=\"d744c56\" data-element_type=\"widget\" data-e-type=\"widget\" data-widget_type=\"heading.default\">\n\t\t\t\t<div class=\"elementor-widget-container\">\n\t\t\t\t\t<h2 class=\"elementor-heading-title elementor-size-default\">HYDRASPHERE+\n<\/h2>\t\t\t\t<\/div>\n\t\t\t\t<\/div>\n\t\t\t\t<div class=\"elementor-element elementor-element-fefe770 elementor-widget elementor-widget-heading\" data-id=\"fefe770\" data-element_type=\"widget\" data-e-type=\"widget\" data-widget_type=\"heading.default\">\n\t\t\t\t<div class=\"elementor-widget-container\">\n\t\t\t\t\t<h2 class=\"elementor-heading-title elementor-size-default\">Ciencia<\/h2>\t\t\t\t<\/div>\n\t\t\t\t<\/div>\n\t\t\t\t<div class=\"elementor-element elementor-element-38f85b6 elementor-widget elementor-widget-heading\" data-id=\"38f85b6\" data-element_type=\"widget\" data-e-type=\"widget\" data-widget_type=\"heading.default\">\n\t\t\t\t<div class=\"elementor-widget-container\">\n\t\t\t\t\t<h4 class=\"elementor-heading-title elementor-size-default\">Ingredientes y pruebas<\/h4>\t\t\t\t<\/div>\n\t\t\t\t<\/div>\n\t\t\t\t<div class=\"elementor-element elementor-element-e56adec elementor-widget__width-initial elementor-widget elementor-widget-text-editor\" data-id=\"e56adec\" data-element_type=\"widget\" data-e-type=\"widget\" data-widget_type=\"text-editor.default\">\n\t\t\t\t<div class=\"elementor-widget-container\">\n\t\t\t\t\t\t\t\t\t<p><strong>En Hydrasphere<\/strong>, Cada f\u00f3rmula comienza con la ciencia y termina con la piel.<\/p>\t\t\t\t\t\t\t\t<\/div>\n\t\t\t\t<\/div>\n\t\t\t\t<div class=\"elementor-element elementor-element-f404baf elementor-widget__width-initial elementor-widget elementor-widget-text-editor\" data-id=\"f404baf\" data-element_type=\"widget\" data-e-type=\"widget\" data-widget_type=\"text-editor.default\">\n\t\t\t\t<div class=\"elementor-widget-container\">\n\t\t\t\t\t\t\t\t\tCombinamos activos de calidad cl\u00ednica con ingredientes biocompatibles para crear f\u00f3rmulas inteligentes que trabajan con la barrera natural de la piel, no contra ella.\t\t\t\t\t\t\t\t<\/div>\n\t\t\t\t<\/div>\n\t\t\t\t\t<\/div>\n\t\t\t\t<\/div>\n\t\t<div data-dce-background-color=\"#EEE7E3\" class=\"elementor-element elementor-element-76bc8c6 e-flex e-con-boxed e-con e-parent\" data-id=\"76bc8c6\" data-element_type=\"container\" data-e-type=\"container\" data-settings=\"{&quot;background_background&quot;:&quot;classic&quot;}\">\n\t\t\t\t\t<div class=\"e-con-inner\">\n\t\t\t\t<div class=\"elementor-element elementor-element-6b2a87c elementor-widget elementor-widget-heading\" data-id=\"6b2a87c\" data-element_type=\"widget\" data-e-type=\"widget\" data-widget_type=\"heading.default\">\n\t\t\t\t<div class=\"elementor-widget-container\">\n\t\t\t\t\t<h2 class=\"elementor-heading-title elementor-size-default\">Nuestro proceso de selecci\u00f3n de ingredientes sigue tres principios b\u00e1sicos:<\/h2>\t\t\t\t<\/div>\n\t\t\t\t<\/div>\n\t\t<div class=\"elementor-element elementor-element-22c5ce1 e-grid e-con-full e-con e-child\" data-id=\"22c5ce1\" data-element_type=\"container\" data-e-type=\"container\">\n\t\t<div class=\"elementor-element elementor-element-9eb589a e-con-full e-flex e-con e-child\" data-id=\"9eb589a\" data-element_type=\"container\" data-e-type=\"container\">\n\t\t\t\t<div class=\"elementor-element elementor-element-f26f081 dce_masking-none elementor-widget elementor-widget-image\" data-id=\"f26f081\" data-element_type=\"widget\" data-e-type=\"widget\" data-widget_type=\"image.default\">\n\t\t\t\t<div class=\"elementor-widget-container\">\n\t\t\t\t\t\t\t\t\t\t\t\t\t\t\t<img decoding=\"async\" width=\"750\" height=\"750\" src=\"https:\/\/hydrasphereplus.com\/wp-content\/uploads\/2025\/11\/Photo-10.png\" class=\"attachment-large size-large wp-image-2970\" alt=\"\" srcset=\"https:\/\/hydrasphereplus.com\/wp-content\/uploads\/2025\/11\/Photo-10.png 750w, https:\/\/hydrasphereplus.com\/wp-content\/uploads\/2025\/11\/Photo-10-300x300.png 300w, https:\/\/hydrasphereplus.com\/wp-content\/uploads\/2025\/11\/Photo-10-150x150.png 150w, https:\/\/hydrasphereplus.com\/wp-content\/uploads\/2025\/11\/Photo-10-12x12.png 12w, https:\/\/hydrasphereplus.com\/wp-content\/uploads\/2025\/11\/Photo-10-600x600.png 600w, https:\/\/hydrasphereplus.com\/wp-content\/uploads\/2025\/11\/Photo-10-100x100.png 100w\" sizes=\"(max-width: 750px) 100vw, 750px\" \/>\t\t\t\t\t\t\t\t\t\t\t\t\t\t\t<\/div>\n\t\t\t\t<\/div>\n\t\t\t\t<div class=\"elementor-element elementor-element-e645f57 elementor-widget elementor-widget-heading\" data-id=\"e645f57\" data-element_type=\"widget\" data-e-type=\"widget\" data-widget_type=\"heading.default\">\n\t\t\t\t<div class=\"elementor-widget-container\">\n\t\t\t\t\t<h2 class=\"elementor-heading-title elementor-size-default\">Eficacia <\/h2>\t\t\t\t<\/div>\n\t\t\t\t<\/div>\n\t\t\t\t<div class=\"elementor-element elementor-element-dbbe6f7 elementor-widget elementor-widget-text-editor\" data-id=\"dbbe6f7\" data-element_type=\"widget\" data-e-type=\"widget\" data-widget_type=\"text-editor.default\">\n\t\t\t\t<div class=\"elementor-widget-container\">\n\t\t\t\t\t\t\t\t\tCada activo est\u00e1 respaldado por datos revisados por expertos y ensayos cl\u00ednicos.\t\t\t\t\t\t\t\t<\/div>\n\t\t\t\t<\/div>\n\t\t\t\t<\/div>\n\t\t<div class=\"elementor-element elementor-element-5739dfc e-con-full e-flex e-con e-child\" data-id=\"5739dfc\" data-element_type=\"container\" data-e-type=\"container\">\n\t\t\t\t<div class=\"elementor-element elementor-element-8b1110e dce_masking-none elementor-widget elementor-widget-image\" data-id=\"8b1110e\" data-element_type=\"widget\" data-e-type=\"widget\" data-widget_type=\"image.default\">\n\t\t\t\t<div class=\"elementor-widget-container\">\n\t\t\t\t\t\t\t\t\t\t\t\t\t\t\t<img decoding=\"async\" width=\"750\" height=\"750\" src=\"https:\/\/hydrasphereplus.com\/wp-content\/uploads\/2025\/11\/Photo-11.png\" class=\"attachment-large size-large wp-image-2971\" alt=\"\" srcset=\"https:\/\/hydrasphereplus.com\/wp-content\/uploads\/2025\/11\/Photo-11.png 750w, https:\/\/hydrasphereplus.com\/wp-content\/uploads\/2025\/11\/Photo-11-300x300.png 300w, https:\/\/hydrasphereplus.com\/wp-content\/uploads\/2025\/11\/Photo-11-150x150.png 150w, https:\/\/hydrasphereplus.com\/wp-content\/uploads\/2025\/11\/Photo-11-12x12.png 12w, https:\/\/hydrasphereplus.com\/wp-content\/uploads\/2025\/11\/Photo-11-600x600.png 600w, https:\/\/hydrasphereplus.com\/wp-content\/uploads\/2025\/11\/Photo-11-100x100.png 100w\" sizes=\"(max-width: 750px) 100vw, 750px\" \/>\t\t\t\t\t\t\t\t\t\t\t\t\t\t\t<\/div>\n\t\t\t\t<\/div>\n\t\t\t\t<div class=\"elementor-element elementor-element-b9caeec elementor-widget elementor-widget-heading\" data-id=\"b9caeec\" data-element_type=\"widget\" data-e-type=\"widget\" data-widget_type=\"heading.default\">\n\t\t\t\t<div class=\"elementor-widget-container\">\n\t\t\t\t\t<h2 class=\"elementor-heading-title elementor-size-default\">Seguridad <\/h2>\t\t\t\t<\/div>\n\t\t\t\t<\/div>\n\t\t\t\t<div class=\"elementor-element elementor-element-658fe0a elementor-widget elementor-widget-text-editor\" data-id=\"658fe0a\" data-element_type=\"widget\" data-e-type=\"widget\" data-widget_type=\"text-editor.default\">\n\t\t\t\t<div class=\"elementor-widget-container\">\n\t\t\t\t\t\t\t\t\tTodas las f\u00f3rmulas han sido probadas por dermat\u00f3logos, no son comedog\u00e9nicas y son aptas para pieles sensibles.\n\t\t\t\t\t\t\t\t<\/div>\n\t\t\t\t<\/div>\n\t\t\t\t<\/div>\n\t\t<div class=\"elementor-element elementor-element-3eb708f e-con-full e-flex e-con e-child\" data-id=\"3eb708f\" data-element_type=\"container\" data-e-type=\"container\">\n\t\t\t\t<div class=\"elementor-element elementor-element-26ce5a7 dce_masking-none elementor-widget elementor-widget-image\" data-id=\"26ce5a7\" data-element_type=\"widget\" data-e-type=\"widget\" data-widget_type=\"image.default\">\n\t\t\t\t<div class=\"elementor-widget-container\">\n\t\t\t\t\t\t\t\t\t\t\t\t\t\t\t<img loading=\"lazy\" decoding=\"async\" width=\"750\" height=\"750\" src=\"https:\/\/hydrasphereplus.com\/wp-content\/uploads\/2025\/11\/Photo-12.png\" class=\"attachment-large size-large wp-image-2972\" alt=\"\" srcset=\"https:\/\/hydrasphereplus.com\/wp-content\/uploads\/2025\/11\/Photo-12.png 750w, https:\/\/hydrasphereplus.com\/wp-content\/uploads\/2025\/11\/Photo-12-300x300.png 300w, https:\/\/hydrasphereplus.com\/wp-content\/uploads\/2025\/11\/Photo-12-150x150.png 150w, https:\/\/hydrasphereplus.com\/wp-content\/uploads\/2025\/11\/Photo-12-12x12.png 12w, https:\/\/hydrasphereplus.com\/wp-content\/uploads\/2025\/11\/Photo-12-600x600.png 600w, https:\/\/hydrasphereplus.com\/wp-content\/uploads\/2025\/11\/Photo-12-100x100.png 100w\" sizes=\"(max-width: 750px) 100vw, 750px\" \/>\t\t\t\t\t\t\t\t\t\t\t\t\t\t\t<\/div>\n\t\t\t\t<\/div>\n\t\t\t\t<div class=\"elementor-element elementor-element-33952e5 elementor-widget elementor-widget-heading\" data-id=\"33952e5\" data-element_type=\"widget\" data-e-type=\"widget\" data-widget_type=\"heading.default\">\n\t\t\t\t<div class=\"elementor-widget-container\">\n\t\t\t\t\t<h2 class=\"elementor-heading-title elementor-size-default\">Integridad <\/h2>\t\t\t\t<\/div>\n\t\t\t\t<\/div>\n\t\t\t\t<div class=\"elementor-element elementor-element-1a24541 elementor-widget elementor-widget-text-editor\" data-id=\"1a24541\" data-element_type=\"widget\" data-e-type=\"widget\" data-widget_type=\"text-editor.default\">\n\t\t\t\t<div class=\"elementor-widget-container\">\n\t\t\t\t\t\t\t\t\t Utilizamos ingredientes limpios y de origen \u00e9tico, siempre sin parabenos, sulfatos, siliconas ni fragancias sint\u00e9ticas.\t\t\t\t\t\t\t\t<\/div>\n\t\t\t\t<\/div>\n\t\t\t\t<\/div>\n\t\t\t\t<\/div>\n\t\t\t\t\t<\/div>\n\t\t\t\t<\/div>\n\t\t<div class=\"elementor-element elementor-element-3d4fe27 e-flex e-con-boxed e-con e-parent\" data-id=\"3d4fe27\" data-element_type=\"container\" data-e-type=\"container\">\n\t\t\t\t\t<div class=\"e-con-inner\">\n\t\t\t\t<div class=\"elementor-element elementor-element-4ac1744 elementor-widget elementor-widget-text-editor\" data-id=\"4ac1744\" data-element_type=\"widget\" data-e-type=\"widget\" data-widget_type=\"text-editor.default\">\n\t\t\t\t<div class=\"elementor-widget-container\">\n\t\t\t\t\t\t\t\t\t<p>Cada producto Hydrasphere+ se somete a <strong>rigurosas pruebas in vitro e in vivo<\/strong> para evaluar los niveles de hidrataci\u00f3n, el refuerzo de la barrera y la salud de la piel a largo plazo.<\/p><p>Tambi\u00e9n realizamos <strong>pruebas de estabilidad y compatibilidad con el microbioma<\/strong> para garantizar el rendimiento y la seguridad en condiciones reales.<br \/>Nuestro compromiso es la transparencia: siempre sabr\u00e1s lo que hay dentro, por qu\u00e9 est\u00e1 ah\u00ed y c\u00f3mo beneficia a tu piel.<\/p><p>Porque el cuidado de la piel debe ser a la vez cient\u00edficamente avanzado y sensorial por naturaleza.<\/p>\t\t\t\t\t\t\t\t<\/div>\n\t\t\t\t<\/div>\n\t\t\t\t\t<\/div>\n\t\t\t\t<\/div>\n\t\t\t\t<\/div>","protected":false},"excerpt":{"rendered":"<p>HYDRASPHERE+ Science Ingredients and Testing At Hydrasphere+, every formula begins with science \u2014 and ends with skin. We combine clinical-grade actives with bio-compatible ingredients to create intelligent formulations that work with your skin\u2019s natural barrier, not against it. Our ingredient selection process follows three core principles: Efficacy Every active is supported by peer-reviewed data and [&hellip;]<\/p>\n","protected":false},"author":2,"featured_media":0,"parent":0,"menu_order":0,"comment_status":"closed","ping_status":"closed","template":"","meta":{"_coblocks_attr":"","_coblocks_dimensions":"","_coblocks_responsive_height":"","_coblocks_accordion_ie_support":"","footnotes":""},"class_list":["post-2964","page","type-page","status-publish","hentry"],"acf":[],"_links":{"self":[{"href":"https:\/\/hydrasphereplus.com\/es\/wp-json\/wp\/v2\/pages\/2964","targetHints":{"allow":["GET"]}}],"collection":[{"href":"https:\/\/hydrasphereplus.com\/es\/wp-json\/wp\/v2\/pages"}],"about":[{"href":"https:\/\/hydrasphereplus.com\/es\/wp-json\/wp\/v2\/types\/page"}],"author":[{"embeddable":true,"href":"https:\/\/hydrasphereplus.com\/es\/wp-json\/wp\/v2\/users\/2"}],"replies":[{"embeddable":true,"href":"https:\/\/hydrasphereplus.com\/es\/wp-json\/wp\/v2\/comments?post=2964"}],"version-history":[{"count":22,"href":"https:\/\/hydrasphereplus.com\/es\/wp-json\/wp\/v2\/pages\/2964\/revisions"}],"predecessor-version":[{"id":3631,"href":"https:\/\/hydrasphereplus.com\/es\/wp-json\/wp\/v2\/pages\/2964\/revisions\/3631"}],"wp:attachment":[{"href":"https:\/\/hydrasphereplus.com\/es\/wp-json\/wp\/v2\/media?parent=2964"}],"curies":[{"name":"wp","href":"https:\/\/api.w.org\/{rel}","templated":true}]}}