{"id":1297,"date":"2024-02-03T18:08:02","date_gmt":"2024-02-03T18:08:02","guid":{"rendered":"https:\/\/hydrasphereplus.com\/?post_type=product&#038;p=1297"},"modified":"2026-04-23T15:52:32","modified_gmt":"2026-04-23T15:52:32","slug":"minerallift-thermal-mask","status":"publish","type":"product","link":"https:\/\/hydrasphereplus.com\/es\/producto\/minerallift-thermal-mask\/","title":{"rendered":"Mascarilla MineralLift Thermal"},"content":{"rendered":"<p>Nuestra Mascarilla MineralLift Thermal, enriquecida con las bondades del agua mineral, lleva su rutina de cuidado de la piel a nuevas cotas al proporcionar un enfoque multifac\u00e9tico del rejuvenecimiento facial como nunca antes. Estimula la producci\u00f3n de col\u00e1geno y mejora la elasticidad para un aspecto m\u00e1s joven.<\/p>\n<p>El suave calor generado por la mascarilla activa y estimula los m\u00fasculos faciales, aumentando la circulaci\u00f3n sangu\u00ednea y la tonificaci\u00f3n muscular. Esta caracter\u00edstica \u00fanica ayuda a tensar y reafirmar la piel, lo que se traduce en un aspecto m\u00e1s tenso y juvenil.<\/p>\n<p>Experimente los beneficios de nuestra Mascarilla Termal MineralLift y disfrute de un tratamiento de spa desde la comodidad de su propia casa. Salude a una piel m\u00e1s firme y radiante y disfrute de un cutis rejuvenecido.<\/p>","protected":false},"excerpt":{"rendered":"<p>Our MineralLift Thermal Mask, enhanced with the goodness of mineral water, takes your skincare routine to new heights by providing a multifaceted approach to facial rejuvenation like never before. Stimulate collagen production and enhance elasticity for a more youthful appearance. The gentle warmth generated by the mask activates and stimulates your facial muscles, promoting increased [&hellip;]<\/p>\n","protected":false},"featured_media":3144,"comment_status":"open","ping_status":"closed","template":"","meta":{"_coblocks_attr":"","_coblocks_dimensions":"","_coblocks_responsive_height":"","_coblocks_accordion_ie_support":""},"product_brand":[],"product_cat":[82],"product_tag":[62,63,64],"class_list":{"0":"post-1297","1":"product","2":"type-product","3":"status-publish","4":"has-post-thumbnail","6":"product_cat-mineralift-collection","7":"product_tag-detoxify","8":"product_tag-firm","9":"product_tag-rejuvenate-the-skin","11":"first","12":"instock","13":"shipping-taxable","14":"purchasable","15":"product-type-simple"},"acf":[],"_links":{"self":[{"href":"https:\/\/hydrasphereplus.com\/es\/wp-json\/wp\/v2\/product\/1297","targetHints":{"allow":["GET"]}}],"collection":[{"href":"https:\/\/hydrasphereplus.com\/es\/wp-json\/wp\/v2\/product"}],"about":[{"href":"https:\/\/hydrasphereplus.com\/es\/wp-json\/wp\/v2\/types\/product"}],"replies":[{"embeddable":true,"href":"https:\/\/hydrasphereplus.com\/es\/wp-json\/wp\/v2\/comments?post=1297"}],"wp:featuredmedia":[{"embeddable":true,"href":"https:\/\/hydrasphereplus.com\/es\/wp-json\/wp\/v2\/media\/3144"}],"wp:attachment":[{"href":"https:\/\/hydrasphereplus.com\/es\/wp-json\/wp\/v2\/media?parent=1297"}],"wp:term":[{"taxonomy":"product_brand","embeddable":true,"href":"https:\/\/hydrasphereplus.com\/es\/wp-json\/wp\/v2\/product_brand?post=1297"},{"taxonomy":"product_cat","embeddable":true,"href":"https:\/\/hydrasphereplus.com\/es\/wp-json\/wp\/v2\/product_cat?post=1297"},{"taxonomy":"product_tag","embeddable":true,"href":"https:\/\/hydrasphereplus.com\/es\/wp-json\/wp\/v2\/product_tag?post=1297"}],"curies":[{"name":"wp","href":"https:\/\/api.w.org\/{rel}","templated":true}]}}