{"id":1317,"date":"2024-02-03T18:14:15","date_gmt":"2024-02-03T18:14:15","guid":{"rendered":"https:\/\/hydrasphereplus.com\/?post_type=product&#038;p=1317"},"modified":"2025-11-18T11:45:37","modified_gmt":"2025-11-18T11:45:37","slug":"minerallift-thermal-serum","status":"publish","type":"product","link":"https:\/\/hydrasphereplus.com\/es\/producto\/minerallift-thermal-serum\/","title":{"rendered":"MineralLift Suero T\u00e9rmico"},"content":{"rendered":"<p>Estudios cient\u00edficos han confirmado la eficacia de nuestro MineralLife Thermal Serum para conseguir un aspecto m\u00e1s firme y terso. Los ingredientes cuidadosamente seleccionados penetran profundamente en la piel, ayudando a estimular la producci\u00f3n de col\u00e1geno y mejorar la elasticidad. Como resultado, su piel se siente visiblemente m\u00e1s firme y tonificada, promoviendo un aspecto m\u00e1s joven y rejuvenecido.<\/p>\n<p>A medida que nuestro MineralLift Thermal Serum penetra en la piel, act\u00faa para revitalizarla y revigorizarla desde el interior. La mezcla cuidadosamente seleccionada de potentes ingredientes act\u00faa sobre las l\u00edneas de expresi\u00f3n, las arrugas y la flacidez de la piel, combatiendo eficazmente los signos del envejecimiento. Con su uso continuado, se puede esperar una mejora visible de la firmeza y elasticidad de la piel, lo que se traduce en un aspecto m\u00e1s terso y esculpido.<\/p>","protected":false},"excerpt":{"rendered":"<p>Scientific studies have confirmed the efficacy of our MineralLife Thermal Serum in promoting a firmer, more lifted appearance. The carefully selected ingredients penetrate deeply into the skin, helping to stimulate collagen production and enhance elasticity. As a result, your skin feels visibly tighter and more toned, promoting a youthful and rejuvenated look. As our MineralLift [&hellip;]<\/p>\n","protected":false},"featured_media":3149,"comment_status":"open","ping_status":"closed","template":"","meta":{"_coblocks_attr":"","_coblocks_dimensions":"","_coblocks_responsive_height":"","_coblocks_accordion_ie_support":""},"product_brand":[],"product_cat":[82],"product_tag":[62,69],"class_list":{"0":"post-1317","1":"product","2":"type-product","3":"status-publish","4":"has-post-thumbnail","6":"product_cat-mineralift-collection","7":"product_tag-detoxify","8":"product_tag-tighten-the-skin","10":"first","11":"instock","12":"shipping-taxable","13":"purchasable","14":"product-type-simple"},"acf":[],"_links":{"self":[{"href":"https:\/\/hydrasphereplus.com\/es\/wp-json\/wp\/v2\/product\/1317","targetHints":{"allow":["GET"]}}],"collection":[{"href":"https:\/\/hydrasphereplus.com\/es\/wp-json\/wp\/v2\/product"}],"about":[{"href":"https:\/\/hydrasphereplus.com\/es\/wp-json\/wp\/v2\/types\/product"}],"replies":[{"embeddable":true,"href":"https:\/\/hydrasphereplus.com\/es\/wp-json\/wp\/v2\/comments?post=1317"}],"wp:featuredmedia":[{"embeddable":true,"href":"https:\/\/hydrasphereplus.com\/es\/wp-json\/wp\/v2\/media\/3149"}],"wp:attachment":[{"href":"https:\/\/hydrasphereplus.com\/es\/wp-json\/wp\/v2\/media?parent=1317"}],"wp:term":[{"taxonomy":"product_brand","embeddable":true,"href":"https:\/\/hydrasphereplus.com\/es\/wp-json\/wp\/v2\/product_brand?post=1317"},{"taxonomy":"product_cat","embeddable":true,"href":"https:\/\/hydrasphereplus.com\/es\/wp-json\/wp\/v2\/product_cat?post=1317"},{"taxonomy":"product_tag","embeddable":true,"href":"https:\/\/hydrasphereplus.com\/es\/wp-json\/wp\/v2\/product_tag?post=1317"}],"curies":[{"name":"wp","href":"https:\/\/api.w.org\/{rel}","templated":true}]}}