{"id":1318,"date":"2024-02-03T18:17:58","date_gmt":"2024-02-03T18:17:58","guid":{"rendered":"https:\/\/hydrasphereplus.com\/?post_type=product&#038;p=1318"},"modified":"2025-11-18T11:44:34","modified_gmt":"2025-11-18T11:44:34","slug":"minerallift-thermal-cream","status":"publish","type":"product","link":"https:\/\/hydrasphereplus.com\/es\/producto\/minerallift-thermal-cream\/","title":{"rendered":"Crema Termal MineralLift"},"content":{"rendered":"<p>Se ha demostrado cient\u00edficamente que nuestra Crema Termal MineralLife, cuidadosamente formulada, proporciona a la piel un aspecto m\u00e1s firme y terso. Los ingredientes cuidadosamente seleccionados penetran profundamente en la piel, ayudando a estimular la producci\u00f3n de col\u00e1geno y mejorar la elasticidad para una piel m\u00e1s firme y tonificada, promoviendo un aspecto m\u00e1s joven y rejuvenecido. \u00a1Un resultado final que le encantar\u00e1!<\/p>\n<p>Cuando se aplica sobre la piel, la Crema Termal MineralLift tiene una lujosa textura que se desliza suavemente y se absorbe r\u00e1pidamente, sin dejar residuos grasos. Pruebe hoy mismo nuestra Crema Termal MineralLift y compruebe usted mismo la diferencia.<\/p>","protected":false},"excerpt":{"rendered":"<p>Our carefully formulated MineralLife Thermal Cream has been scientifically proven to promote a firmer, more lifted appearance for your skin. The carefully selected ingredients penetrate deeply into the skin, helping to stimulate collagen production and enhance elasticity for tighter and more toned skin, promoting a youthful and rejuvenated look. The end result that you&#8217;ll love! [&hellip;]<\/p>\n","protected":false},"featured_media":3140,"comment_status":"open","ping_status":"closed","template":"","meta":{"_coblocks_attr":"","_coblocks_dimensions":"","_coblocks_responsive_height":"","_coblocks_accordion_ie_support":""},"product_brand":[],"product_cat":[82],"product_tag":[70],"class_list":{"0":"post-1318","1":"product","2":"type-product","3":"status-publish","4":"has-post-thumbnail","6":"product_cat-mineralift-collection","7":"product_tag-detoxify-and-tighten-the-skin","9":"first","10":"instock","11":"shipping-taxable","12":"purchasable","13":"product-type-simple"},"acf":[],"_links":{"self":[{"href":"https:\/\/hydrasphereplus.com\/es\/wp-json\/wp\/v2\/product\/1318","targetHints":{"allow":["GET"]}}],"collection":[{"href":"https:\/\/hydrasphereplus.com\/es\/wp-json\/wp\/v2\/product"}],"about":[{"href":"https:\/\/hydrasphereplus.com\/es\/wp-json\/wp\/v2\/types\/product"}],"replies":[{"embeddable":true,"href":"https:\/\/hydrasphereplus.com\/es\/wp-json\/wp\/v2\/comments?post=1318"}],"wp:featuredmedia":[{"embeddable":true,"href":"https:\/\/hydrasphereplus.com\/es\/wp-json\/wp\/v2\/media\/3140"}],"wp:attachment":[{"href":"https:\/\/hydrasphereplus.com\/es\/wp-json\/wp\/v2\/media?parent=1318"}],"wp:term":[{"taxonomy":"product_brand","embeddable":true,"href":"https:\/\/hydrasphereplus.com\/es\/wp-json\/wp\/v2\/product_brand?post=1318"},{"taxonomy":"product_cat","embeddable":true,"href":"https:\/\/hydrasphereplus.com\/es\/wp-json\/wp\/v2\/product_cat?post=1318"},{"taxonomy":"product_tag","embeddable":true,"href":"https:\/\/hydrasphereplus.com\/es\/wp-json\/wp\/v2\/product_tag?post=1318"}],"curies":[{"name":"wp","href":"https:\/\/api.w.org\/{rel}","templated":true}]}}