{"id":1320,"date":"2024-02-03T18:21:05","date_gmt":"2024-02-03T18:21:05","guid":{"rendered":"https:\/\/hydrasphereplus.com\/?post_type=product&#038;p=1320"},"modified":"2025-11-18T11:31:39","modified_gmt":"2025-11-18T11:31:39","slug":"advanced-night-repair","status":"publish","type":"product","link":"https:\/\/hydrasphereplus.com\/es\/producto\/advanced-night-repair\/","title":{"rendered":"Reparaci\u00f3n nocturna avanzada"},"content":{"rendered":"<p>Nuestra Crema Intensiva de Noche Advanced Night Repair es una potente soluci\u00f3n para el cuidado de la piel que combate los signos del envejecimiento mientras duermes. Repleta de ingredientes nutritivos, esta crema hidrata y repara la piel en profundidad, reduciendo la aparici\u00f3n de l\u00edneas de expresi\u00f3n, arrugas y otros signos de la edad. Su rica textura se absorbe sin esfuerzo en la piel, proporcionando un cutis m\u00e1s suave, firme y radiante por la ma\u00f1ana.<\/p>\n<p>Despi\u00e9rtese con una piel revitalizada y fresca gracias a nuestro Reparador Avanzado de Noche.<\/p>","protected":false},"excerpt":{"rendered":"<p>Our Advanced Night Repair Intensive Night Cream is a powerful skincare solution that targets the signs of aging while you sleep. Packed with nourishing ingredients, this cream works to hydrate and repair your skin deeply, reducing the appearance of fine lines, wrinkles, and other signs of aging. Its rich texture is effortlessly absorbed into the [&hellip;]<\/p>\n","protected":false},"featured_media":3077,"comment_status":"open","ping_status":"closed","template":"","meta":{"_coblocks_attr":"","_coblocks_dimensions":"","_coblocks_responsive_height":"","_coblocks_accordion_ie_support":""},"product_brand":[],"product_cat":[15],"product_tag":[67],"class_list":{"0":"post-1320","1":"product","2":"type-product","3":"status-publish","4":"has-post-thumbnail","6":"product_cat-the-hydra-collection","7":"product_tag-overnight-renewal-wrinkle-cream","9":"first","10":"instock","11":"shipping-taxable","12":"purchasable","13":"product-type-simple"},"acf":[],"_links":{"self":[{"href":"https:\/\/hydrasphereplus.com\/es\/wp-json\/wp\/v2\/product\/1320","targetHints":{"allow":["GET"]}}],"collection":[{"href":"https:\/\/hydrasphereplus.com\/es\/wp-json\/wp\/v2\/product"}],"about":[{"href":"https:\/\/hydrasphereplus.com\/es\/wp-json\/wp\/v2\/types\/product"}],"replies":[{"embeddable":true,"href":"https:\/\/hydrasphereplus.com\/es\/wp-json\/wp\/v2\/comments?post=1320"}],"wp:featuredmedia":[{"embeddable":true,"href":"https:\/\/hydrasphereplus.com\/es\/wp-json\/wp\/v2\/media\/3077"}],"wp:attachment":[{"href":"https:\/\/hydrasphereplus.com\/es\/wp-json\/wp\/v2\/media?parent=1320"}],"wp:term":[{"taxonomy":"product_brand","embeddable":true,"href":"https:\/\/hydrasphereplus.com\/es\/wp-json\/wp\/v2\/product_brand?post=1320"},{"taxonomy":"product_cat","embeddable":true,"href":"https:\/\/hydrasphereplus.com\/es\/wp-json\/wp\/v2\/product_cat?post=1320"},{"taxonomy":"product_tag","embeddable":true,"href":"https:\/\/hydrasphereplus.com\/es\/wp-json\/wp\/v2\/product_tag?post=1320"}],"curies":[{"name":"wp","href":"https:\/\/api.w.org\/{rel}","templated":true}]}}