{"id":1321,"date":"2024-02-03T18:23:52","date_gmt":"2024-02-03T18:23:52","guid":{"rendered":"https:\/\/hydrasphereplus.com\/?post_type=product&#038;p=1321"},"modified":"2025-11-18T11:32:34","modified_gmt":"2025-11-18T11:32:34","slug":"advanced-peptides-eye-cream","status":"publish","type":"product","link":"https:\/\/hydrasphereplus.com\/es\/producto\/advanced-peptides-eye-cream\/","title":{"rendered":"Contorno de ojos Advanced Peptides"},"content":{"rendered":"<p>Revitalice sus ojos con nuestra Crema Contorno de Ojos Advanced Peptides. Esta potente f\u00f3rmula combate las arrugas, las l\u00edneas de expresi\u00f3n y la hinchaz\u00f3n, dejando el delicado aspecto de sus ojos joven y rejuvenecido.<\/p>\n<p>Experimente los beneficios de nuestra avanzada crema de contorno de ojos con p\u00e9ptidos. Nuestra f\u00f3rmula ligera y de r\u00e1pida absorci\u00f3n est\u00e1 dise\u00f1ada para mejorar la textura y elasticidad de la piel del contorno de los ojos. Desp\u00eddase de las patas de gallo, las ojeras y el aspecto cansado de los ojos gracias a los beneficios nutritivos e hidratantes de nuestra crema de contorno de ojos. No s\u00f3lo proporciona una sensaci\u00f3n calmante y refrescante tras su aplicaci\u00f3n, sino que, con su uso regular, puede esperar una notable mejora de la firmeza y suavidad general del contorno de los ojos.<\/p>","protected":false},"excerpt":{"rendered":"<p>Revitalize your eyes with our Advanced Peptides Eye Cream. This powerful formula targets wrinkles, fine lines, and puffiness, leaving your delicate eye appearance youthful and rejuvenated. Experience the benefits of our advanced peptide-infused eye cream. Our lightweight and fast-absorbing formula is designed to improve skin texture and elasticity around your eyes. Say goodbye to crow&#8217;s [&hellip;]<\/p>\n","protected":false},"featured_media":3081,"comment_status":"open","ping_status":"closed","template":"","meta":{"_coblocks_attr":"","_coblocks_dimensions":"","_coblocks_responsive_height":"","_coblocks_accordion_ie_support":""},"product_brand":[],"product_cat":[15],"product_tag":[66],"class_list":{"0":"post-1321","1":"product","2":"type-product","3":"status-publish","4":"has-post-thumbnail","6":"product_cat-the-hydra-collection","7":"product_tag-reduce-circles-and-eye-puffs","9":"first","10":"instock","11":"shipping-taxable","12":"purchasable","13":"product-type-simple"},"acf":[],"_links":{"self":[{"href":"https:\/\/hydrasphereplus.com\/es\/wp-json\/wp\/v2\/product\/1321","targetHints":{"allow":["GET"]}}],"collection":[{"href":"https:\/\/hydrasphereplus.com\/es\/wp-json\/wp\/v2\/product"}],"about":[{"href":"https:\/\/hydrasphereplus.com\/es\/wp-json\/wp\/v2\/types\/product"}],"replies":[{"embeddable":true,"href":"https:\/\/hydrasphereplus.com\/es\/wp-json\/wp\/v2\/comments?post=1321"}],"wp:featuredmedia":[{"embeddable":true,"href":"https:\/\/hydrasphereplus.com\/es\/wp-json\/wp\/v2\/media\/3081"}],"wp:attachment":[{"href":"https:\/\/hydrasphereplus.com\/es\/wp-json\/wp\/v2\/media?parent=1321"}],"wp:term":[{"taxonomy":"product_brand","embeddable":true,"href":"https:\/\/hydrasphereplus.com\/es\/wp-json\/wp\/v2\/product_brand?post=1321"},{"taxonomy":"product_cat","embeddable":true,"href":"https:\/\/hydrasphereplus.com\/es\/wp-json\/wp\/v2\/product_cat?post=1321"},{"taxonomy":"product_tag","embeddable":true,"href":"https:\/\/hydrasphereplus.com\/es\/wp-json\/wp\/v2\/product_tag?post=1321"}],"curies":[{"name":"wp","href":"https:\/\/api.w.org\/{rel}","templated":true}]}}