{"id":1322,"date":"2024-02-03T18:26:04","date_gmt":"2024-02-03T18:26:04","guid":{"rendered":"https:\/\/hydrasphereplus.com\/?post_type=product&#038;p=1322"},"modified":"2025-11-18T11:39:01","modified_gmt":"2025-11-18T11:39:01","slug":"hydra-toning-solution","status":"publish","type":"product","link":"https:\/\/hydrasphereplus.com\/es\/producto\/hydra-toning-solution\/","title":{"rendered":"Soluci\u00f3n Hidra Tonificante"},"content":{"rendered":"<p>Refresque y equilibre su piel con nuestro t\u00f3nico revitalizante. Nuestra Soluci\u00f3n Hidratante Tonificante est\u00e1 formulada para proporcionar a su piel una experiencia refrescante y tonificante. Ayuda a eliminar cualquier impureza persistente, como la suciedad y el exceso de grasa, a la vez que reafirma y minimiza la apariencia de los poros para conseguir un cutis m\u00e1s suave y refinado.<\/p>\n<p>Hydra Toning Solutions tambi\u00e9n est\u00e1 cuidadosamente equilibrado para restaurar el nivel de pH natural de la piel. Esto es importante para mantener la piel sana, para apoyar la barrera protectora de la piel y la funci\u00f3n general.<\/p>\n<p>Al devolver el equilibrio a su piel, nuestro t\u00f3nico favorece un cutis m\u00e1s sano y resistente.<\/p>","protected":false},"excerpt":{"rendered":"<p>Refresh and balance your skin with our revitalizing toner. Our Hydra Toning Solution is formulated to provide a refreshing and invigorating experience for your skin. It helps to remove any lingering impurities, such as dirt and excess oil, while also working to tighten and minimize the appearance of pores for a smoother, more refined complexion. [&hellip;]<\/p>\n","protected":false},"featured_media":3113,"comment_status":"open","ping_status":"closed","template":"","meta":{"_coblocks_attr":"","_coblocks_dimensions":"","_coblocks_responsive_height":"","_coblocks_accordion_ie_support":""},"product_brand":[],"product_cat":[84,15],"product_tag":[65],"class_list":{"0":"post-1322","1":"product","2":"type-product","3":"status-publish","4":"has-post-thumbnail","6":"product_cat-the-detox-collection","7":"product_cat-the-hydra-collection","8":"product_tag-refreshing-skin-revitalizer","10":"first","11":"instock","12":"shipping-taxable","13":"purchasable","14":"product-type-simple"},"acf":[],"_links":{"self":[{"href":"https:\/\/hydrasphereplus.com\/es\/wp-json\/wp\/v2\/product\/1322","targetHints":{"allow":["GET"]}}],"collection":[{"href":"https:\/\/hydrasphereplus.com\/es\/wp-json\/wp\/v2\/product"}],"about":[{"href":"https:\/\/hydrasphereplus.com\/es\/wp-json\/wp\/v2\/types\/product"}],"replies":[{"embeddable":true,"href":"https:\/\/hydrasphereplus.com\/es\/wp-json\/wp\/v2\/comments?post=1322"}],"wp:featuredmedia":[{"embeddable":true,"href":"https:\/\/hydrasphereplus.com\/es\/wp-json\/wp\/v2\/media\/3113"}],"wp:attachment":[{"href":"https:\/\/hydrasphereplus.com\/es\/wp-json\/wp\/v2\/media?parent=1322"}],"wp:term":[{"taxonomy":"product_brand","embeddable":true,"href":"https:\/\/hydrasphereplus.com\/es\/wp-json\/wp\/v2\/product_brand?post=1322"},{"taxonomy":"product_cat","embeddable":true,"href":"https:\/\/hydrasphereplus.com\/es\/wp-json\/wp\/v2\/product_cat?post=1322"},{"taxonomy":"product_tag","embeddable":true,"href":"https:\/\/hydrasphereplus.com\/es\/wp-json\/wp\/v2\/product_tag?post=1322"}],"curies":[{"name":"wp","href":"https:\/\/api.w.org\/{rel}","templated":true}]}}