{"id":1323,"date":"2024-02-03T18:31:52","date_gmt":"2024-02-03T18:31:52","guid":{"rendered":"https:\/\/hydrasphereplus.com\/?post_type=product&#038;p=1323"},"modified":"2025-11-18T11:40:03","modified_gmt":"2025-11-18T11:40:03","slug":"hydrocharcoal-collagen-face-eye-mask","status":"publish","type":"product","link":"https:\/\/hydrasphereplus.com\/es\/producto\/hydrocharcoal-collagen-face-eye-mask\/","title":{"rendered":"Mascarilla facial y ocular de col\u00e1geno HydroCharcoal"},"content":{"rendered":"<p>Presentamos nuestro set de mascarillas faciales y oculares HydroCharcoal, dise\u00f1adas para proporcionar los m\u00e1ximos beneficios para el cuidado de la piel. Este set incluye mascarillas que no solo elevan y reafirman la piel, sino que tambi\u00e9n ayudan a mejorar la textura y estimulan la producci\u00f3n de col\u00e1geno.<\/p>\n<p>Mima tu piel con estas mascarillas hidratantes que la hidratan en profundidad y la dejan tersa, rejuvenecida y radiante. Experimente el poder transformador de nuestro Set de Mascarillas para Cara y Ojos y consiga un cutis revitalizado.<\/p>","protected":false},"excerpt":{"rendered":"<p>Introducing our HydroCharcoal Face and Eye Masks Set, designed to provide ultimate skincare benefits. This set includes masks that not only lift and firm the skin but also help improve texture and stimulate collagen production. Pamper your skin with these hydrating masks as they infuse moisture deep into it, leaving it plump, rejuvenated, and radiant. [&hellip;]<\/p>\n","protected":false},"featured_media":3121,"comment_status":"open","ping_status":"closed","template":"","meta":{"_coblocks_attr":"","_coblocks_dimensions":"","_coblocks_responsive_height":"","_coblocks_accordion_ie_support":""},"product_brand":[],"product_cat":[83],"product_tag":[74],"class_list":{"0":"post-1323","1":"product","2":"type-product","3":"status-publish","4":"has-post-thumbnail","6":"product_cat-the-hydrocharocal-collection","7":"product_tag-for-smoother-and-firmer-skin","9":"first","10":"instock","11":"shipping-taxable","12":"purchasable","13":"product-type-simple"},"acf":[],"_links":{"self":[{"href":"https:\/\/hydrasphereplus.com\/es\/wp-json\/wp\/v2\/product\/1323","targetHints":{"allow":["GET"]}}],"collection":[{"href":"https:\/\/hydrasphereplus.com\/es\/wp-json\/wp\/v2\/product"}],"about":[{"href":"https:\/\/hydrasphereplus.com\/es\/wp-json\/wp\/v2\/types\/product"}],"replies":[{"embeddable":true,"href":"https:\/\/hydrasphereplus.com\/es\/wp-json\/wp\/v2\/comments?post=1323"}],"wp:featuredmedia":[{"embeddable":true,"href":"https:\/\/hydrasphereplus.com\/es\/wp-json\/wp\/v2\/media\/3121"}],"wp:attachment":[{"href":"https:\/\/hydrasphereplus.com\/es\/wp-json\/wp\/v2\/media?parent=1323"}],"wp:term":[{"taxonomy":"product_brand","embeddable":true,"href":"https:\/\/hydrasphereplus.com\/es\/wp-json\/wp\/v2\/product_brand?post=1323"},{"taxonomy":"product_cat","embeddable":true,"href":"https:\/\/hydrasphereplus.com\/es\/wp-json\/wp\/v2\/product_cat?post=1323"},{"taxonomy":"product_tag","embeddable":true,"href":"https:\/\/hydrasphereplus.com\/es\/wp-json\/wp\/v2\/product_tag?post=1323"}],"curies":[{"name":"wp","href":"https:\/\/api.w.org\/{rel}","templated":true}]}}