{"id":1324,"date":"2024-02-03T18:34:57","date_gmt":"2024-02-03T18:34:57","guid":{"rendered":"https:\/\/hydrasphereplus.com\/?post_type=product&#038;p=1324"},"modified":"2025-11-11T12:59:54","modified_gmt":"2025-11-11T12:59:54","slug":"hydrocharcoal-collagen-neck-and-decollete-mask","status":"publish","type":"product","link":"https:\/\/hydrasphereplus.com\/es\/producto\/hydrocharcoal-collagen-neck-and-decollete-mask\/","title":{"rendered":"Mascarilla HydroCharcoal Col\u00e1geno Cuello y Escote"},"content":{"rendered":"<p>Presentamos nuestras mascarillas HydroCharcoal para cuello y escote, la soluci\u00f3n perfecta para tratar m\u00faltiples problemas de la piel en la zona del cuello y el escote.<\/p>\n<p>Estas mascarillas est\u00e1n espec\u00edficamente formuladas para ayudar con el estiramiento del cuello, reducir las arrugas del pecho, minimizar la pigmentaci\u00f3n y las manchas marrones, proporcionar efectos lifting y proteger contra los da\u00f1os del sol. Experimente el poder de nuestra tecnolog\u00eda HydroCharcoal para un cuello y un escote m\u00e1s suaves y de aspecto m\u00e1s joven.<\/p>","protected":false},"excerpt":{"rendered":"<p>Introducing our HydroCharcoal Neck and D\u00e9collet\u00e9 Masks, the perfect solution for addressing multiple skincare concerns in the neck and chest area. These masks are specifically formulated to help with neck stretch, reduce breast wrinkles, minimize pigmentation and brown spots, provide lifting effects, and protect against sun damage. Experience the power of our HydroCharcoal technology for [&hellip;]<\/p>\n","protected":false},"featured_media":3117,"comment_status":"open","ping_status":"closed","template":"","meta":{"_coblocks_attr":"","_coblocks_dimensions":"","_coblocks_responsive_height":"","_coblocks_accordion_ie_support":""},"product_brand":[],"product_cat":[83],"product_tag":[73],"class_list":{"0":"post-1324","1":"product","2":"type-product","3":"status-publish","4":"has-post-thumbnail","6":"product_cat-the-hydrocharocal-collection","7":"product_tag-fix-to-for-neck-stretch-lines-and-chest-acne","9":"first","10":"instock","11":"shipping-taxable","12":"purchasable","13":"product-type-simple"},"acf":[],"_links":{"self":[{"href":"https:\/\/hydrasphereplus.com\/es\/wp-json\/wp\/v2\/product\/1324","targetHints":{"allow":["GET"]}}],"collection":[{"href":"https:\/\/hydrasphereplus.com\/es\/wp-json\/wp\/v2\/product"}],"about":[{"href":"https:\/\/hydrasphereplus.com\/es\/wp-json\/wp\/v2\/types\/product"}],"replies":[{"embeddable":true,"href":"https:\/\/hydrasphereplus.com\/es\/wp-json\/wp\/v2\/comments?post=1324"}],"wp:featuredmedia":[{"embeddable":true,"href":"https:\/\/hydrasphereplus.com\/es\/wp-json\/wp\/v2\/media\/3117"}],"wp:attachment":[{"href":"https:\/\/hydrasphereplus.com\/es\/wp-json\/wp\/v2\/media?parent=1324"}],"wp:term":[{"taxonomy":"product_brand","embeddable":true,"href":"https:\/\/hydrasphereplus.com\/es\/wp-json\/wp\/v2\/product_brand?post=1324"},{"taxonomy":"product_cat","embeddable":true,"href":"https:\/\/hydrasphereplus.com\/es\/wp-json\/wp\/v2\/product_cat?post=1324"},{"taxonomy":"product_tag","embeddable":true,"href":"https:\/\/hydrasphereplus.com\/es\/wp-json\/wp\/v2\/product_tag?post=1324"}],"curies":[{"name":"wp","href":"https:\/\/api.w.org\/{rel}","templated":true}]}}