{"id":1325,"date":"2024-02-03T18:37:07","date_gmt":"2024-02-03T18:37:07","guid":{"rendered":"https:\/\/hydrasphereplus.com\/?post_type=product&#038;p=1325"},"modified":"2025-11-11T13:09:40","modified_gmt":"2025-11-11T13:09:40","slug":"hydrocharcoal-tummy-lower-body-mask","status":"publish","type":"product","link":"https:\/\/hydrasphereplus.com\/es\/producto\/hydrocharcoal-tummy-lower-body-mask\/","title":{"rendered":"Mascarilla HydroCharcoal para el vientre y la parte inferior del cuerpo"},"content":{"rendered":"<p>Nuestra mascarilla HydroCharcoal Tummy &amp; Lower Body Mask es una f\u00f3rmula dermatol\u00f3gica vers\u00e1til dise\u00f1ada para tratar m\u00faltiples problemas de la piel, como estr\u00edas, acn\u00e9, arrugas y celulitis, en la regi\u00f3n abdominal.<\/p>\n<p>Adem\u00e1s, muestra eficacia cuando se aplica en las extremidades inferiores, en particular en la cara interna del muslo, la cara posterior del muslo y la regi\u00f3n gl\u00fatea, con el fin de mejorar la tersura y tonicidad de la piel.<\/p>\n<p>Disfrute de un tratamiento completo para la zona del vientre y la parte inferior del cuerpo. Tanto si busca suavizar la textura irregular de la piel, reducir la celulitis o simplemente mimarse con una experiencia de lujo, nuestra mascarilla HydroCharcoal para abdomen y parte inferior del cuerpo es la soluci\u00f3n perfecta.<\/p>","protected":false},"excerpt":{"rendered":"<p>Our HydroCharcoal Tummy &amp; Lower Body Mask is a versatile dermatological formulation designed to address multiple skin concerns, including stretch marks, acne, wrinkles, and cellulite, within the abdominal region. Furthermore, it exhibits efficacy when applied to the lower limbs, particularly the inner thigh, posterior thigh, and gluteal region, with the purpose of enhancing skin smoothness [&hellip;]<\/p>\n","protected":false},"featured_media":3125,"comment_status":"open","ping_status":"closed","template":"","meta":{"_coblocks_attr":"","_coblocks_dimensions":"","_coblocks_responsive_height":"","_coblocks_accordion_ie_support":""},"product_brand":[],"product_cat":[83],"product_tag":[77,78,79,76,75],"class_list":{"0":"post-1325","1":"product","2":"type-product","3":"status-publish","4":"has-post-thumbnail","6":"product_cat-the-hydrocharocal-collection","7":"product_tag-and-acne-inner-thigh","8":"product_tag-back-thigh","9":"product_tag-buttocks","10":"product_tag-cellulitis","11":"product_tag-for-stretch-marks","13":"first","14":"instock","15":"shipping-taxable","16":"purchasable","17":"product-type-simple"},"acf":[],"_links":{"self":[{"href":"https:\/\/hydrasphereplus.com\/es\/wp-json\/wp\/v2\/product\/1325","targetHints":{"allow":["GET"]}}],"collection":[{"href":"https:\/\/hydrasphereplus.com\/es\/wp-json\/wp\/v2\/product"}],"about":[{"href":"https:\/\/hydrasphereplus.com\/es\/wp-json\/wp\/v2\/types\/product"}],"replies":[{"embeddable":true,"href":"https:\/\/hydrasphereplus.com\/es\/wp-json\/wp\/v2\/comments?post=1325"}],"wp:featuredmedia":[{"embeddable":true,"href":"https:\/\/hydrasphereplus.com\/es\/wp-json\/wp\/v2\/media\/3125"}],"wp:attachment":[{"href":"https:\/\/hydrasphereplus.com\/es\/wp-json\/wp\/v2\/media?parent=1325"}],"wp:term":[{"taxonomy":"product_brand","embeddable":true,"href":"https:\/\/hydrasphereplus.com\/es\/wp-json\/wp\/v2\/product_brand?post=1325"},{"taxonomy":"product_cat","embeddable":true,"href":"https:\/\/hydrasphereplus.com\/es\/wp-json\/wp\/v2\/product_cat?post=1325"},{"taxonomy":"product_tag","embeddable":true,"href":"https:\/\/hydrasphereplus.com\/es\/wp-json\/wp\/v2\/product_tag?post=1325"}],"curies":[{"name":"wp","href":"https:\/\/api.w.org\/{rel}","templated":true}]}}