{"id":1326,"date":"2024-02-03T18:40:56","date_gmt":"2024-02-03T18:40:56","guid":{"rendered":"https:\/\/hydrasphereplus.com\/?post_type=product&#038;p=1326"},"modified":"2025-11-11T12:34:43","modified_gmt":"2025-11-11T12:34:43","slug":"cucumber-seaweed-eye-lift","status":"publish","type":"product","link":"https:\/\/hydrasphereplus.com\/es\/producto\/cucumber-seaweed-eye-lift\/","title":{"rendered":"Lifting de ojos pepino y algas"},"content":{"rendered":"<p>Nuestra Mascarilla Lifting Ojos Pepino y Algas es un tratamiento asombroso y calmante dise\u00f1ado para rejuvenecer la delicada piel del contorno de los ojos. Formulado con los beneficios nutritivos del pepino y las algas marinas, ayuda a reducir la hinchaz\u00f3n, minimizar las arrugas, atenuar las ojeras y dejar los ojos con un aspecto renovado. Ya sea por falta de sue\u00f1o, alergias u otros factores, la hinchaz\u00f3n puede dejarle con un aspecto cansado y agotado.<\/p>\n<p>La piel del contorno de los ojos es especialmente propensa a las l\u00edneas de expresi\u00f3n y las arrugas, pero los ingredientes nutritivos de nuestra mascarilla ayudan a alisar y rellenar la piel, proporcion\u00e1ndole un aspecto m\u00e1s joven y radiante. Con el uso regular de nuestra mascarilla lifting de ojos, podr\u00e1 decir adi\u00f3s a los ojos hinchados y dar la bienvenida a un aspecto m\u00e1s fresco.<\/p>","protected":false},"excerpt":{"rendered":"<p>Our Cucumber &amp; Seaweed Eye Lift Mask is amazing and soothing treatment designed to rejuvenate the delicate skin around the eyes. Formulated with the nourishing benefits of cucumber and seaweed, it helps reduce puffiness, minimize wrinkles, diminish dark circles, and leave your eyes looking refreshed. Whether it&#8217;s from lack of sleep, allergies, or other factors, [&hellip;]<\/p>\n","protected":false},"featured_media":3099,"comment_status":"open","ping_status":"closed","template":"","meta":{"_coblocks_attr":"","_coblocks_dimensions":"","_coblocks_responsive_height":"","_coblocks_accordion_ie_support":""},"product_brand":[],"product_cat":[83],"product_tag":[68],"class_list":{"0":"post-1326","1":"product","2":"type-product","3":"status-publish","4":"has-post-thumbnail","6":"product_cat-the-hydrocharocal-collection","7":"product_tag-anti-wrinkle-and-brightening-mask","9":"first","10":"instock","11":"shipping-taxable","12":"purchasable","13":"product-type-simple"},"acf":[],"_links":{"self":[{"href":"https:\/\/hydrasphereplus.com\/es\/wp-json\/wp\/v2\/product\/1326","targetHints":{"allow":["GET"]}}],"collection":[{"href":"https:\/\/hydrasphereplus.com\/es\/wp-json\/wp\/v2\/product"}],"about":[{"href":"https:\/\/hydrasphereplus.com\/es\/wp-json\/wp\/v2\/types\/product"}],"replies":[{"embeddable":true,"href":"https:\/\/hydrasphereplus.com\/es\/wp-json\/wp\/v2\/comments?post=1326"}],"wp:featuredmedia":[{"embeddable":true,"href":"https:\/\/hydrasphereplus.com\/es\/wp-json\/wp\/v2\/media\/3099"}],"wp:attachment":[{"href":"https:\/\/hydrasphereplus.com\/es\/wp-json\/wp\/v2\/media?parent=1326"}],"wp:term":[{"taxonomy":"product_brand","embeddable":true,"href":"https:\/\/hydrasphereplus.com\/es\/wp-json\/wp\/v2\/product_brand?post=1326"},{"taxonomy":"product_cat","embeddable":true,"href":"https:\/\/hydrasphereplus.com\/es\/wp-json\/wp\/v2\/product_cat?post=1326"},{"taxonomy":"product_tag","embeddable":true,"href":"https:\/\/hydrasphereplus.com\/es\/wp-json\/wp\/v2\/product_tag?post=1326"}],"curies":[{"name":"wp","href":"https:\/\/api.w.org\/{rel}","templated":true}]}}