{"id":1327,"date":"2024-02-03T18:43:13","date_gmt":"2024-02-03T18:43:13","guid":{"rendered":"https:\/\/hydrasphereplus.com\/?post_type=product&#038;p=1327"},"modified":"2025-11-18T11:58:08","modified_gmt":"2025-11-18T11:58:08","slug":"vitamin-c-serum","status":"publish","type":"product","link":"https:\/\/hydrasphereplus.com\/es\/producto\/vitamin-c-serum\/","title":{"rendered":"Suero de vitamina C"},"content":{"rendered":"<p>Reafirme la piel con nuestro Suero de Vitamina C. Este s\u00e9rum concentrado est\u00e1 repleto de potentes ingredientes antienvejecimiento, como la vitamina C, que ayudan a atenuar las l\u00edneas de expresi\u00f3n y las arrugas. Es la adici\u00f3n perfecta a su rutina de cuidado de la piel, ya que su textura ligera hace que sea f\u00e1cil de incorporar a su r\u00e9gimen diario. Su potente f\u00f3rmula penetra profundamente en la piel, favoreciendo la producci\u00f3n de col\u00e1geno y mejorando su textura.<\/p>\n<p>Si utiliza nuestro Suero de Vitamina C con regularidad, notar\u00e1 una notable mejora en el aspecto general de su piel. Sus potentes beneficios antienvejecimiento lo convierten en un producto imprescindible para cualquier persona preocupada por mantener un aspecto joven y radiante.<\/p>","protected":false},"excerpt":{"rendered":"<p>Plump up the skin with our Vitamin C Serum. This concentrated serum is packed with powerful anti-aging ingredients, including Vitamin C, to help diminish the appearance of fine lines and wrinkles. It is the perfect addition to your skincare routine as its lightweight texture makes it easy to incorporate into your daily regimen. Its potent [&hellip;]<\/p>\n","protected":false},"featured_media":3159,"comment_status":"open","ping_status":"closed","template":"","meta":{"_coblocks_attr":"","_coblocks_dimensions":"","_coblocks_responsive_height":"","_coblocks_accordion_ie_support":""},"product_brand":[],"product_cat":[15],"product_tag":[80],"class_list":{"0":"post-1327","1":"product","2":"type-product","3":"status-publish","4":"has-post-thumbnail","6":"label-best-seller","7":"product_cat-the-hydra-collection","8":"product_tag-moisturizing-texturizing-treatment","10":"first","11":"instock","12":"shipping-taxable","13":"purchasable","14":"product-type-simple"},"acf":[],"_links":{"self":[{"href":"https:\/\/hydrasphereplus.com\/es\/wp-json\/wp\/v2\/product\/1327","targetHints":{"allow":["GET"]}}],"collection":[{"href":"https:\/\/hydrasphereplus.com\/es\/wp-json\/wp\/v2\/product"}],"about":[{"href":"https:\/\/hydrasphereplus.com\/es\/wp-json\/wp\/v2\/types\/product"}],"replies":[{"embeddable":true,"href":"https:\/\/hydrasphereplus.com\/es\/wp-json\/wp\/v2\/comments?post=1327"}],"wp:featuredmedia":[{"embeddable":true,"href":"https:\/\/hydrasphereplus.com\/es\/wp-json\/wp\/v2\/media\/3159"}],"wp:attachment":[{"href":"https:\/\/hydrasphereplus.com\/es\/wp-json\/wp\/v2\/media?parent=1327"}],"wp:term":[{"taxonomy":"product_brand","embeddable":true,"href":"https:\/\/hydrasphereplus.com\/es\/wp-json\/wp\/v2\/product_brand?post=1327"},{"taxonomy":"product_cat","embeddable":true,"href":"https:\/\/hydrasphereplus.com\/es\/wp-json\/wp\/v2\/product_cat?post=1327"},{"taxonomy":"product_tag","embeddable":true,"href":"https:\/\/hydrasphereplus.com\/es\/wp-json\/wp\/v2\/product_tag?post=1327"}],"curies":[{"name":"wp","href":"https:\/\/api.w.org\/{rel}","templated":true}]}}