{"id":1328,"date":"2024-02-03T18:45:09","date_gmt":"2024-02-03T18:45:09","guid":{"rendered":"https:\/\/hydrasphereplus.com\/?post_type=product&#038;p=1328"},"modified":"2025-11-18T11:56:45","modified_gmt":"2025-11-18T11:56:45","slug":"oxygen-brightening-cream","status":"publish","type":"product","link":"https:\/\/hydrasphereplus.com\/es\/producto\/oxygen-brightening-cream\/","title":{"rendered":"Crema iluminadora con ox\u00edgeno"},"content":{"rendered":"<p>Presentamos nuestra Oxygen Brightening Cream, el tratamiento hidratante y texturizante definitivo para su piel. Esta innovadora crema est\u00e1 dise\u00f1ada para hidratar y nutrir la piel en profundidad, al tiempo que ilumina y mejora su textura. Con el poder de los ingredientes oxigenados, ayuda a potenciar un cutis radiante y joven. Desp\u00eddase de la piel apagada y seca y d\u00e9 la bienvenida a una piel revitalizada y luminosa.<\/p>\n<p>Nuestra f\u00f3rmula cuidadosamente elaborada contiene una mezcla de componentes que cuidan la piel para tratar m\u00faltiples problemas cut\u00e1neos, desde la hidrataci\u00f3n hasta la luminosidad. Tanto si desea iluminar su piel, aumentar sus niveles de hidrataci\u00f3n, mejorar su firmeza y elasticidad, o simplemente disfrutar de una experiencia de cuidado de la piel, nuestra Oxygen Brightening Cream est\u00e1 hecha para usted.<\/p>","protected":false},"excerpt":{"rendered":"<p>Introducing our Oxygen Brightening Cream, the ultimate moisturizing and texturizing treatment for your skin. This innovative cream is designed to deeply hydrate and nourish your skin while brightening and improving its texture. With the power of oxygen-infused ingredients, it helps promote a radiant and youthful complexion. Say goodbye to dull, dry skin and hello to [&hellip;]<\/p>\n","protected":false},"featured_media":3152,"comment_status":"open","ping_status":"closed","template":"","meta":{"_coblocks_attr":"","_coblocks_dimensions":"","_coblocks_responsive_height":"","_coblocks_accordion_ie_support":""},"product_brand":[],"product_cat":[15],"product_tag":[80],"class_list":{"0":"post-1328","1":"product","2":"type-product","3":"status-publish","4":"has-post-thumbnail","6":"label-best-seller","7":"product_cat-the-hydra-collection","8":"product_tag-moisturizing-texturizing-treatment","10":"first","11":"instock","12":"shipping-taxable","13":"purchasable","14":"product-type-simple"},"acf":[],"_links":{"self":[{"href":"https:\/\/hydrasphereplus.com\/es\/wp-json\/wp\/v2\/product\/1328","targetHints":{"allow":["GET"]}}],"collection":[{"href":"https:\/\/hydrasphereplus.com\/es\/wp-json\/wp\/v2\/product"}],"about":[{"href":"https:\/\/hydrasphereplus.com\/es\/wp-json\/wp\/v2\/types\/product"}],"replies":[{"embeddable":true,"href":"https:\/\/hydrasphereplus.com\/es\/wp-json\/wp\/v2\/comments?post=1328"}],"wp:featuredmedia":[{"embeddable":true,"href":"https:\/\/hydrasphereplus.com\/es\/wp-json\/wp\/v2\/media\/3152"}],"wp:attachment":[{"href":"https:\/\/hydrasphereplus.com\/es\/wp-json\/wp\/v2\/media?parent=1328"}],"wp:term":[{"taxonomy":"product_brand","embeddable":true,"href":"https:\/\/hydrasphereplus.com\/es\/wp-json\/wp\/v2\/product_brand?post=1328"},{"taxonomy":"product_cat","embeddable":true,"href":"https:\/\/hydrasphereplus.com\/es\/wp-json\/wp\/v2\/product_cat?post=1328"},{"taxonomy":"product_tag","embeddable":true,"href":"https:\/\/hydrasphereplus.com\/es\/wp-json\/wp\/v2\/product_tag?post=1328"}],"curies":[{"name":"wp","href":"https:\/\/api.w.org\/{rel}","templated":true}]}}