{"id":1681,"date":"2024-07-10T11:51:11","date_gmt":"2024-07-10T11:51:11","guid":{"rendered":"https:\/\/hydrasphereplus.com\/?post_type=product&#038;p=1681"},"modified":"2025-11-18T11:41:36","modified_gmt":"2025-11-18T11:41:36","slug":"mineral-facial-deep-moisturizer","status":"publish","type":"product","link":"https:\/\/hydrasphereplus.com\/es\/producto\/mineral-facial-deep-moisturizer\/","title":{"rendered":"Hidrataci\u00f3n Mineral Facial Profunda"},"content":{"rendered":"<p>Nuestro Hidratante Mineral Facial Profundo es un lujoso producto para el cuidado de la piel meticulosamente enriquecido con una mezcla de minerales naturales, vitaminas y potentes antioxidantes. Esta excepcional crema hidratante proporciona una hidrataci\u00f3n intensa, nutriendo en profundidad su piel para mejorar su salud y aspecto general. Su rica f\u00f3rmula garantiza que su piel reciba los nutrientes esenciales que necesita para mantenerse hidratada, tersa y radiante.<\/p>\n<p>El uso regular de Mineral Facial Deep Moisturizer le ayudar\u00e1 a restaurar el equilibrio natural de hidrataci\u00f3n de su piel, dej\u00e1ndola suave, tersa y rejuvenecida. Experimente lo \u00faltimo en lujo para el cuidado de la piel con nuestra Hidratante Mineral Facial Profunda y disfrute de los beneficios transformadores que aporta a su r\u00e9gimen de belleza diario.<\/p>","protected":false},"excerpt":{"rendered":"<p>Our Mineral Facial Deep Moisturizer is a luxurious skincare product meticulously enriched with a blend of natural minerals, vitamins, and powerful antioxidants. This exceptional moisturizer provides intense hydration, deeply nourishing your skin to improve its overall health and appearance. Its rich formulation ensures that your skin receives the essential nutrients it needs to stay hydrated, [&hellip;]<\/p>\n","protected":false},"featured_media":3130,"comment_status":"open","ping_status":"closed","template":"","meta":{"_coblocks_attr":"","_coblocks_dimensions":"","_coblocks_responsive_height":"","_coblocks_accordion_ie_support":""},"product_brand":[],"product_cat":[86],"product_tag":[89],"class_list":{"0":"post-1681","1":"product","2":"type-product","3":"status-publish","4":"has-post-thumbnail","6":"product_cat-hydra-sphere-plus","7":"product_tag-intense-hydration-and-nourishment","9":"first","10":"instock","11":"shipping-taxable","12":"purchasable","13":"product-type-simple"},"acf":[],"_links":{"self":[{"href":"https:\/\/hydrasphereplus.com\/es\/wp-json\/wp\/v2\/product\/1681","targetHints":{"allow":["GET"]}}],"collection":[{"href":"https:\/\/hydrasphereplus.com\/es\/wp-json\/wp\/v2\/product"}],"about":[{"href":"https:\/\/hydrasphereplus.com\/es\/wp-json\/wp\/v2\/types\/product"}],"replies":[{"embeddable":true,"href":"https:\/\/hydrasphereplus.com\/es\/wp-json\/wp\/v2\/comments?post=1681"}],"wp:featuredmedia":[{"embeddable":true,"href":"https:\/\/hydrasphereplus.com\/es\/wp-json\/wp\/v2\/media\/3130"}],"wp:attachment":[{"href":"https:\/\/hydrasphereplus.com\/es\/wp-json\/wp\/v2\/media?parent=1681"}],"wp:term":[{"taxonomy":"product_brand","embeddable":true,"href":"https:\/\/hydrasphereplus.com\/es\/wp-json\/wp\/v2\/product_brand?post=1681"},{"taxonomy":"product_cat","embeddable":true,"href":"https:\/\/hydrasphereplus.com\/es\/wp-json\/wp\/v2\/product_cat?post=1681"},{"taxonomy":"product_tag","embeddable":true,"href":"https:\/\/hydrasphereplus.com\/es\/wp-json\/wp\/v2\/product_tag?post=1681"}],"curies":[{"name":"wp","href":"https:\/\/api.w.org\/{rel}","templated":true}]}}