{"id":1686,"date":"2024-07-10T11:57:49","date_gmt":"2024-07-10T11:57:49","guid":{"rendered":"https:\/\/hydrasphereplus.com\/?post_type=product&#038;p=1686"},"modified":"2025-11-18T11:42:55","modified_gmt":"2025-11-18T11:42:55","slug":"mineral-salt-scrub","status":"publish","type":"product","link":"https:\/\/hydrasphereplus.com\/es\/producto\/mineral-salt-scrub\/","title":{"rendered":"Exfoliante de sales minerales"},"content":{"rendered":"<p>Nuestro exfoliante de sales minerales es un tratamiento exfoliante excepcional que exfolia y nutre la piel utilizando una mezcla de sales naturales y minerales. Este exfoliante ayuda eficazmente a eliminar las c\u00e9lulas muertas de la piel y a desobstruir los poros, dejando la piel suave, revitalizada y fresca.<\/p>\n<p>Los minerales naturales contenidos en el exfoliante no s\u00f3lo ayudan en la exfoliaci\u00f3n, sino que tambi\u00e9n ofrecen beneficios adicionales, como una mayor hidrataci\u00f3n y rejuvenecimiento. El uso regular de nuestro exfoliante de sales minerales contribuir\u00e1 a un cutis m\u00e1s sano y radiante, ya que limpia y nutre la piel en profundidad.<\/p>","protected":false},"excerpt":{"rendered":"<p>Our Mineral Salt Scrub is an exceptional exfoliating treatment that both exfoliates and nourishes the skin using a blend of natural salts and minerals. This scrub effectively helps to remove dead skin cells and unclog pores, leaving your skin feeling smooth, revitalized, and refreshed. The natural minerals contained in the scrub not only aid in [&hellip;]<\/p>\n","protected":false},"featured_media":3136,"comment_status":"open","ping_status":"closed","template":"","meta":{"_coblocks_attr":"","_coblocks_dimensions":"","_coblocks_responsive_height":"","_coblocks_accordion_ie_support":""},"product_brand":[],"product_cat":[86],"product_tag":[88],"class_list":{"0":"post-1686","1":"product","2":"type-product","3":"status-publish","4":"has-post-thumbnail","6":"product_cat-hydra-sphere-plus","7":"product_tag-exfoliating-treatment","9":"first","10":"instock","11":"shipping-taxable","12":"purchasable","13":"product-type-simple"},"acf":[],"_links":{"self":[{"href":"https:\/\/hydrasphereplus.com\/es\/wp-json\/wp\/v2\/product\/1686","targetHints":{"allow":["GET"]}}],"collection":[{"href":"https:\/\/hydrasphereplus.com\/es\/wp-json\/wp\/v2\/product"}],"about":[{"href":"https:\/\/hydrasphereplus.com\/es\/wp-json\/wp\/v2\/types\/product"}],"replies":[{"embeddable":true,"href":"https:\/\/hydrasphereplus.com\/es\/wp-json\/wp\/v2\/comments?post=1686"}],"wp:featuredmedia":[{"embeddable":true,"href":"https:\/\/hydrasphereplus.com\/es\/wp-json\/wp\/v2\/media\/3136"}],"wp:attachment":[{"href":"https:\/\/hydrasphereplus.com\/es\/wp-json\/wp\/v2\/media?parent=1686"}],"wp:term":[{"taxonomy":"product_brand","embeddable":true,"href":"https:\/\/hydrasphereplus.com\/es\/wp-json\/wp\/v2\/product_brand?post=1686"},{"taxonomy":"product_cat","embeddable":true,"href":"https:\/\/hydrasphereplus.com\/es\/wp-json\/wp\/v2\/product_cat?post=1686"},{"taxonomy":"product_tag","embeddable":true,"href":"https:\/\/hydrasphereplus.com\/es\/wp-json\/wp\/v2\/product_tag?post=1686"}],"curies":[{"name":"wp","href":"https:\/\/api.w.org\/{rel}","templated":true}]}}