{"id":2682,"date":"2025-06-13T18:58:04","date_gmt":"2025-06-13T18:58:04","guid":{"rendered":"https:\/\/hydrasphereplus.com\/?post_type=product&#038;p=2682"},"modified":"2025-11-18T11:34:28","modified_gmt":"2025-11-18T11:34:28","slug":"anti-wrinkle-correction-prevention-15g","status":"publish","type":"product","link":"https:\/\/hydrasphereplus.com\/es\/producto\/anti-wrinkle-correction-prevention-15g\/","title":{"rendered":"Antiarrugas Correcci\u00f3n y Prevenci\u00f3n 15g"},"content":{"rendered":"<p>Una crema cl\u00ednicamente avanzada dise\u00f1ada para reducir visiblemente las l\u00edneas de expresi\u00f3n profundas, las arrugas finas, las bolsas y las ojeras.Potenciada con \u00c1cido Hialur\u00f3nico, Retinol, C\u00e9lulas Madre y P\u00e9ptidos - esta f\u00f3rmula de alto rendimiento favorece una piel m\u00e1s firme, tersa y de aspecto m\u00e1s joven.<\/p>","protected":false},"excerpt":{"rendered":"<p>Una crema cl\u00ednicamente avanzada dise\u00f1ada para reducir visiblemente las l\u00edneas de expresi\u00f3n profundas, las arrugas finas, las bolsas y las ojeras.Potenciada con \u00c1cido Hialur\u00f3nico, Retinol, C\u00e9lulas Madre y P\u00e9ptidos - esta f\u00f3rmula de alto rendimiento favorece una piel m\u00e1s firme, tersa y de aspecto m\u00e1s joven.<\/p>","protected":false},"featured_media":3091,"comment_status":"open","ping_status":"closed","template":"","meta":{"_coblocks_attr":"","_coblocks_dimensions":"","_coblocks_responsive_height":"","_coblocks_accordion_ie_support":""},"product_brand":[],"product_cat":[15],"product_tag":[97],"class_list":{"0":"post-2682","1":"product","2":"type-product","3":"status-publish","4":"has-post-thumbnail","6":"label-best-seller","7":"product_cat-the-hydra-collection","8":"product_tag-anti-wrinkle-correction-and-prevention","10":"first","11":"instock","12":"shipping-taxable","13":"purchasable","14":"product-type-simple"},"acf":[],"_links":{"self":[{"href":"https:\/\/hydrasphereplus.com\/es\/wp-json\/wp\/v2\/product\/2682","targetHints":{"allow":["GET"]}}],"collection":[{"href":"https:\/\/hydrasphereplus.com\/es\/wp-json\/wp\/v2\/product"}],"about":[{"href":"https:\/\/hydrasphereplus.com\/es\/wp-json\/wp\/v2\/types\/product"}],"replies":[{"embeddable":true,"href":"https:\/\/hydrasphereplus.com\/es\/wp-json\/wp\/v2\/comments?post=2682"}],"wp:featuredmedia":[{"embeddable":true,"href":"https:\/\/hydrasphereplus.com\/es\/wp-json\/wp\/v2\/media\/3091"}],"wp:attachment":[{"href":"https:\/\/hydrasphereplus.com\/es\/wp-json\/wp\/v2\/media?parent=2682"}],"wp:term":[{"taxonomy":"product_brand","embeddable":true,"href":"https:\/\/hydrasphereplus.com\/es\/wp-json\/wp\/v2\/product_brand?post=2682"},{"taxonomy":"product_cat","embeddable":true,"href":"https:\/\/hydrasphereplus.com\/es\/wp-json\/wp\/v2\/product_cat?post=2682"},{"taxonomy":"product_tag","embeddable":true,"href":"https:\/\/hydrasphereplus.com\/es\/wp-json\/wp\/v2\/product_tag?post=2682"}],"curies":[{"name":"wp","href":"https:\/\/api.w.org\/{rel}","templated":true}]}}