{"id":3061,"date":"2025-11-11T11:20:12","date_gmt":"2025-11-11T11:20:12","guid":{"rendered":"https:\/\/hydrasphereplus.com\/?post_type=product&#038;p=3061"},"modified":"2026-01-08T04:49:26","modified_gmt":"2026-01-08T04:49:26","slug":"spf-50-shield-cream","status":"publish","type":"product","link":"https:\/\/hydrasphereplus.com\/es\/producto\/spf-50-shield-cream\/","title":{"rendered":"Crema Protectora FPS 50"},"content":{"rendered":"<p>Protege y perfecciona tu piel con la Crema Protectora SPF 50, un protector solar mineral ligero que ofrece una defensa avanzada de amplio espectro contra los rayos UVA y UVB. Formulada con \u00f3xido de zinc no nano y di\u00f3xido de titanio, proporciona una potente protecci\u00f3n diaria sin obstruir los poros ni dejar una capa blanca.<\/p>","protected":false},"excerpt":{"rendered":"<p>Protege y perfecciona tu piel con la Crema Protectora SPF 50, un protector solar mineral ligero que ofrece una defensa avanzada de amplio espectro contra los rayos UVA y UVB. Formulada con \u00f3xido de zinc no nano y di\u00f3xido de titanio, proporciona una potente protecci\u00f3n diaria sin obstruir los poros ni dejar una capa blanca.<\/p>","protected":false},"featured_media":3515,"comment_status":"open","ping_status":"closed","template":"","meta":{"_coblocks_attr":"","_coblocks_dimensions":"","_coblocks_responsive_height":"","_coblocks_accordion_ie_support":""},"product_brand":[],"product_cat":[86],"product_tag":[103],"class_list":{"0":"post-3061","1":"product","2":"type-product","3":"status-publish","4":"has-post-thumbnail","6":"label-best-seller","7":"product_cat-hydra-sphere-plus","8":"product_tag-broad-spectrum-uva-uvb-pa","10":"first","11":"instock","12":"shipping-taxable","13":"purchasable","14":"product-type-simple"},"acf":[],"_links":{"self":[{"href":"https:\/\/hydrasphereplus.com\/es\/wp-json\/wp\/v2\/product\/3061","targetHints":{"allow":["GET"]}}],"collection":[{"href":"https:\/\/hydrasphereplus.com\/es\/wp-json\/wp\/v2\/product"}],"about":[{"href":"https:\/\/hydrasphereplus.com\/es\/wp-json\/wp\/v2\/types\/product"}],"replies":[{"embeddable":true,"href":"https:\/\/hydrasphereplus.com\/es\/wp-json\/wp\/v2\/comments?post=3061"}],"wp:featuredmedia":[{"embeddable":true,"href":"https:\/\/hydrasphereplus.com\/es\/wp-json\/wp\/v2\/media\/3515"}],"wp:attachment":[{"href":"https:\/\/hydrasphereplus.com\/es\/wp-json\/wp\/v2\/media?parent=3061"}],"wp:term":[{"taxonomy":"product_brand","embeddable":true,"href":"https:\/\/hydrasphereplus.com\/es\/wp-json\/wp\/v2\/product_brand?post=3061"},{"taxonomy":"product_cat","embeddable":true,"href":"https:\/\/hydrasphereplus.com\/es\/wp-json\/wp\/v2\/product_cat?post=3061"},{"taxonomy":"product_tag","embeddable":true,"href":"https:\/\/hydrasphereplus.com\/es\/wp-json\/wp\/v2\/product_tag?post=3061"}],"curies":[{"name":"wp","href":"https:\/\/api.w.org\/{rel}","templated":true}]}}