{"id":3067,"date":"2025-11-11T11:28:33","date_gmt":"2025-11-11T11:28:33","guid":{"rendered":"https:\/\/hydrasphereplus.com\/?post_type=product&#038;p=3067"},"modified":"2025-11-18T11:59:36","modified_gmt":"2025-11-18T11:59:36","slug":"bio-milk-cleanser","status":"publish","type":"product","link":"https:\/\/hydrasphereplus.com\/es\/producto\/bio-milk-cleanser\/","title":{"rendered":"Leche limpiadora Bio"},"content":{"rendered":"<p><span style=\"font-weight: 400;\">Disfruta de la pureza calmante de Hydra BioMilk Cleanser, una lujosa f\u00f3rmula a base de leche con fermentos probi\u00f3ticos, ingredientes bot\u00e1nicos org\u00e1nicos y \u00e1cido hialur\u00f3nico. Este limpiador suave pero eficaz elimina el maquillaje, la suciedad y las impurezas, al tiempo que mantiene el equilibrio natural del microbioma de la piel.<\/span><\/p>","protected":false},"excerpt":{"rendered":"<p>Disfruta de la pureza calmante de Hydra BioMilk Cleanser, una lujosa f\u00f3rmula a base de leche con fermentos probi\u00f3ticos, ingredientes bot\u00e1nicos org\u00e1nicos y \u00e1cido hialur\u00f3nico. Este limpiador suave pero eficaz elimina el maquillaje, la suciedad y las impurezas, al tiempo que mantiene el equilibrio natural del microbioma de la piel.<\/p>","protected":false},"featured_media":3473,"comment_status":"open","ping_status":"closed","template":"","meta":{"_coblocks_attr":"","_coblocks_dimensions":"","_coblocks_responsive_height":"","_coblocks_accordion_ie_support":""},"product_brand":[],"product_cat":[86],"product_tag":[104],"class_list":{"0":"post-3067","1":"product","2":"type-product","3":"status-publish","4":"has-post-thumbnail","6":"label-best-seller","7":"product_cat-hydra-sphere-plus","8":"product_tag-probiotic-hydration-cleanse","10":"first","11":"instock","12":"shipping-taxable","13":"purchasable","14":"product-type-simple"},"acf":[],"_links":{"self":[{"href":"https:\/\/hydrasphereplus.com\/es\/wp-json\/wp\/v2\/product\/3067","targetHints":{"allow":["GET"]}}],"collection":[{"href":"https:\/\/hydrasphereplus.com\/es\/wp-json\/wp\/v2\/product"}],"about":[{"href":"https:\/\/hydrasphereplus.com\/es\/wp-json\/wp\/v2\/types\/product"}],"replies":[{"embeddable":true,"href":"https:\/\/hydrasphereplus.com\/es\/wp-json\/wp\/v2\/comments?post=3067"}],"wp:featuredmedia":[{"embeddable":true,"href":"https:\/\/hydrasphereplus.com\/es\/wp-json\/wp\/v2\/media\/3473"}],"wp:attachment":[{"href":"https:\/\/hydrasphereplus.com\/es\/wp-json\/wp\/v2\/media?parent=3067"}],"wp:term":[{"taxonomy":"product_brand","embeddable":true,"href":"https:\/\/hydrasphereplus.com\/es\/wp-json\/wp\/v2\/product_brand?post=3067"},{"taxonomy":"product_cat","embeddable":true,"href":"https:\/\/hydrasphereplus.com\/es\/wp-json\/wp\/v2\/product_cat?post=3067"},{"taxonomy":"product_tag","embeddable":true,"href":"https:\/\/hydrasphereplus.com\/es\/wp-json\/wp\/v2\/product_tag?post=3067"}],"curies":[{"name":"wp","href":"https:\/\/api.w.org\/{rel}","templated":true}]}}