{"id":3069,"date":"2025-11-11T11:34:13","date_gmt":"2025-11-11T11:34:13","guid":{"rendered":"https:\/\/hydrasphereplus.com\/?post_type=product&#038;p=3069"},"modified":"2025-12-15T17:26:25","modified_gmt":"2025-12-15T17:26:25","slug":"hydrocharcoal-silk-mask","status":"publish","type":"product","link":"https:\/\/hydrasphereplus.com\/es\/producto\/hydrocharcoal-silk-mask\/","title":{"rendered":"Mascarilla de seda HydroCharcoal"},"content":{"rendered":"<p>Experimente el poder purificador de la mascarilla HydroCharcoal Silk Mask, un lujoso tratamiento sin enjuague desarrollado con sistemas de administraci\u00f3n de bioingenier\u00eda para desintoxicar, renovar e hidratar en profundidad. Esta avanzada f\u00f3rmula fusiona micropart\u00edculas de carb\u00f3n activado con \u00e1cido hialur\u00f3nico encapsulado y p\u00e9ptidos se\u00f1alizadores, actuando sobre los signos visibles del envejecimiento a nivel superficial. El resultado es una textura m\u00e1s suave al instante, poros afinados y un brillo radiante y equilibrado.<\/p>","protected":false},"excerpt":{"rendered":"<p>Experience the purifying power of the HydroCharcoal Silk Mask, a luxurious leave-on treatment developed with bioengineered delivery systems to detoxify, renew, and deeply hydrate. This advanced formula merges activated charcoal microparticles with encapsulated hyaluronic acid and signal peptides, targeting visible signs of aging at the surface level. The result is instantly smoother texture, refined pores, [&hellip;]<\/p>\n","protected":false},"featured_media":3477,"comment_status":"open","ping_status":"closed","template":"","meta":{"_coblocks_attr":"","_coblocks_dimensions":"","_coblocks_responsive_height":"","_coblocks_accordion_ie_support":""},"product_brand":[],"product_cat":[86],"product_tag":[105],"class_list":{"0":"post-3069","1":"product","2":"type-product","3":"status-publish","4":"has-post-thumbnail","6":"product_cat-hydra-sphere-plus","7":"product_tag-charcoal-therapy","9":"first","10":"instock","11":"shipping-taxable","12":"purchasable","13":"product-type-simple"},"acf":[],"_links":{"self":[{"href":"https:\/\/hydrasphereplus.com\/es\/wp-json\/wp\/v2\/product\/3069","targetHints":{"allow":["GET"]}}],"collection":[{"href":"https:\/\/hydrasphereplus.com\/es\/wp-json\/wp\/v2\/product"}],"about":[{"href":"https:\/\/hydrasphereplus.com\/es\/wp-json\/wp\/v2\/types\/product"}],"replies":[{"embeddable":true,"href":"https:\/\/hydrasphereplus.com\/es\/wp-json\/wp\/v2\/comments?post=3069"}],"wp:featuredmedia":[{"embeddable":true,"href":"https:\/\/hydrasphereplus.com\/es\/wp-json\/wp\/v2\/media\/3477"}],"wp:attachment":[{"href":"https:\/\/hydrasphereplus.com\/es\/wp-json\/wp\/v2\/media?parent=3069"}],"wp:term":[{"taxonomy":"product_brand","embeddable":true,"href":"https:\/\/hydrasphereplus.com\/es\/wp-json\/wp\/v2\/product_brand?post=3069"},{"taxonomy":"product_cat","embeddable":true,"href":"https:\/\/hydrasphereplus.com\/es\/wp-json\/wp\/v2\/product_cat?post=3069"},{"taxonomy":"product_tag","embeddable":true,"href":"https:\/\/hydrasphereplus.com\/es\/wp-json\/wp\/v2\/product_tag?post=3069"}],"curies":[{"name":"wp","href":"https:\/\/api.w.org\/{rel}","templated":true}]}}