{"id":3071,"date":"2025-11-11T11:38:57","date_gmt":"2025-11-11T11:38:57","guid":{"rendered":"https:\/\/hydrasphereplus.com\/?post_type=product&#038;p=3071"},"modified":"2025-11-11T11:38:58","modified_gmt":"2025-11-11T11:38:58","slug":"chroma-manicure-set","status":"publish","type":"product","link":"https:\/\/hydrasphereplus.com\/es\/producto\/chroma-manicure-set\/","title":{"rendered":"Set de manicura Chroma"},"content":{"rendered":"<p>El set de manicura Chroma ofrece la combinaci\u00f3n perfecta de color, cuidado y brillo para conseguir unas u\u00f1as de sal\u00f3n en casa. Cada esmalte de la colecci\u00f3n proporciona un color vibrante y duradero con un acabado de alto brillo. Con una infusi\u00f3n de ingredientes acondicionadores, fortalece y protege las u\u00f1as al tiempo que proporciona una aplicaci\u00f3n suave y sin rayas.<\/p>","protected":false},"excerpt":{"rendered":"<p>El set de manicura Chroma ofrece la combinaci\u00f3n perfecta de color, cuidado y brillo para conseguir unas u\u00f1as de sal\u00f3n en casa. Cada esmalte de la colecci\u00f3n proporciona un color vibrante y duradero con un acabado de alto brillo. Con una infusi\u00f3n de ingredientes acondicionadores, fortalece y protege las u\u00f1as al tiempo que proporciona una aplicaci\u00f3n suave y sin rayas.<\/p>","protected":false},"featured_media":3072,"comment_status":"open","ping_status":"closed","template":"","meta":{"_coblocks_attr":"","_coblocks_dimensions":"","_coblocks_responsive_height":"","_coblocks_accordion_ie_support":""},"product_brand":[],"product_cat":[86],"product_tag":[],"class_list":{"0":"post-3071","1":"product","2":"type-product","3":"status-publish","4":"has-post-thumbnail","6":"product_cat-hydra-sphere-plus","8":"first","9":"instock","10":"shipping-taxable","11":"purchasable","12":"product-type-simple"},"acf":[],"_links":{"self":[{"href":"https:\/\/hydrasphereplus.com\/es\/wp-json\/wp\/v2\/product\/3071","targetHints":{"allow":["GET"]}}],"collection":[{"href":"https:\/\/hydrasphereplus.com\/es\/wp-json\/wp\/v2\/product"}],"about":[{"href":"https:\/\/hydrasphereplus.com\/es\/wp-json\/wp\/v2\/types\/product"}],"replies":[{"embeddable":true,"href":"https:\/\/hydrasphereplus.com\/es\/wp-json\/wp\/v2\/comments?post=3071"}],"wp:featuredmedia":[{"embeddable":true,"href":"https:\/\/hydrasphereplus.com\/es\/wp-json\/wp\/v2\/media\/3072"}],"wp:attachment":[{"href":"https:\/\/hydrasphereplus.com\/es\/wp-json\/wp\/v2\/media?parent=3071"}],"wp:term":[{"taxonomy":"product_brand","embeddable":true,"href":"https:\/\/hydrasphereplus.com\/es\/wp-json\/wp\/v2\/product_brand?post=3071"},{"taxonomy":"product_cat","embeddable":true,"href":"https:\/\/hydrasphereplus.com\/es\/wp-json\/wp\/v2\/product_cat?post=3071"},{"taxonomy":"product_tag","embeddable":true,"href":"https:\/\/hydrasphereplus.com\/es\/wp-json\/wp\/v2\/product_tag?post=3071"}],"curies":[{"name":"wp","href":"https:\/\/api.w.org\/{rel}","templated":true}]}}