{"id":69,"date":"2023-10-19T10:56:29","date_gmt":"2023-10-19T10:56:29","guid":{"rendered":"https:\/\/hydrasphereplus.com\/?post_type=product&#038;p=69"},"modified":"2025-11-18T11:36:20","modified_gmt":"2025-11-18T11:36:20","slug":"deep-moisturizing-cream","status":"publish","type":"product","link":"https:\/\/hydrasphereplus.com\/es\/producto\/deep-moisturizing-cream\/","title":{"rendered":"Crema hidratante profunda"},"content":{"rendered":"<p>Experimente la sinergia transformadora de las maravillas bot\u00e1nicas y la ciencia de vanguardia. Nuestra Crema Hidrataci\u00f3n Profunda ofrece algo m\u00e1s que hidrataci\u00f3n; es un elixir reafirmante para el tejido facial y el cuello. Observe c\u00f3mo las l\u00edneas de expresi\u00f3n y las arrugas se desvanecen en el pasado a medida que aumenta la elasticidad y la firmeza de la piel. Pero eso no es todo. Con sus propiedades antiinflamatorias inherentes, calma la piel, revelando un tono y un cutis m\u00e1s uniformes. Salude a la textura mejorada de la piel y al color realzado.<\/p>","protected":false},"excerpt":{"rendered":"<p>Experience the transformative synergy of botanical wonders and cutting-edge science. Our Deep Moisturizing Cream offers more than just hydration; it&#8217;s a firming elixir for your facial tissue and neck. Watch fine lines and wrinkles fade into the past as it boosts skin elasticity and firmness. But that&#8217;s not all. With its inherent anti-inflammatory properties, it [&hellip;]<\/p>\n","protected":false},"featured_media":3100,"comment_status":"open","ping_status":"closed","template":"","meta":{"_coblocks_attr":"","_coblocks_dimensions":"","_coblocks_responsive_height":"","_coblocks_accordion_ie_support":""},"product_brand":[],"product_cat":[15],"product_tag":[81],"class_list":{"0":"post-69","1":"product","2":"type-product","3":"status-publish","4":"has-post-thumbnail","6":"product_cat-the-hydra-collection","7":"product_tag-collagen-treatment","9":"first","10":"instock","11":"shipping-taxable","12":"purchasable","13":"product-type-simple"},"acf":[],"_links":{"self":[{"href":"https:\/\/hydrasphereplus.com\/es\/wp-json\/wp\/v2\/product\/69","targetHints":{"allow":["GET"]}}],"collection":[{"href":"https:\/\/hydrasphereplus.com\/es\/wp-json\/wp\/v2\/product"}],"about":[{"href":"https:\/\/hydrasphereplus.com\/es\/wp-json\/wp\/v2\/types\/product"}],"replies":[{"embeddable":true,"href":"https:\/\/hydrasphereplus.com\/es\/wp-json\/wp\/v2\/comments?post=69"}],"wp:featuredmedia":[{"embeddable":true,"href":"https:\/\/hydrasphereplus.com\/es\/wp-json\/wp\/v2\/media\/3100"}],"wp:attachment":[{"href":"https:\/\/hydrasphereplus.com\/es\/wp-json\/wp\/v2\/media?parent=69"}],"wp:term":[{"taxonomy":"product_brand","embeddable":true,"href":"https:\/\/hydrasphereplus.com\/es\/wp-json\/wp\/v2\/product_brand?post=69"},{"taxonomy":"product_cat","embeddable":true,"href":"https:\/\/hydrasphereplus.com\/es\/wp-json\/wp\/v2\/product_cat?post=69"},{"taxonomy":"product_tag","embeddable":true,"href":"https:\/\/hydrasphereplus.com\/es\/wp-json\/wp\/v2\/product_tag?post=69"}],"curies":[{"name":"wp","href":"https:\/\/api.w.org\/{rel}","templated":true}]}}