{"id":70,"date":"2023-10-19T10:56:53","date_gmt":"2023-10-19T10:56:53","guid":{"rendered":"https:\/\/hydrasphereplus.com\/?post_type=product&#038;p=70"},"modified":"2025-11-18T11:30:42","modified_gmt":"2025-11-18T11:30:42","slug":"advanced-eye-lifting-serum","status":"publish","type":"product","link":"https:\/\/hydrasphereplus.com\/es\/producto\/advanced-eye-lifting-serum\/","title":{"rendered":"Advanced Eye Lifting Serum"},"content":{"rendered":"<p>Redescubra la belleza de sus ojos con el Advanced Eye Lifting Collagen Serum de Hydrasphere, donde el brillo de la naturaleza se une a la transformaci\u00f3n sin edad. Suavemente elaborado para tratar la delicada zona del contorno de ojos, es un remedio que se absorbe sin esfuerzo para reparar los signos del envejecimiento, revelando una renovada luminosidad.<\/p>\n<p>Descubra el secreto de unos ojos vibrantes a medida que su uso continuado va haciendo su magia. Desp\u00eddete de las molestas bolsas bajo los ojos y observa c\u00f3mo las l\u00edneas de expresi\u00f3n y las arrugas se convierten en cosa del pasado.<\/p>","protected":false},"excerpt":{"rendered":"<p>Rediscover the beauty of your eyes with Hydrasphere&#8217;s Advanced Eye Lifting Collagen Serum &#8211; where nature&#8217;s brilliance meets ageless transformation.Our all-natural serum is more than just a skincare treatment; it&#8217;s a rejuvenating experience. Gently crafted to target the delicate eye area, it&#8217;s a remedy that absorbs effortlessly to repair the signs of aging, unveiling a [&hellip;]<\/p>\n","protected":false},"featured_media":3073,"comment_status":"open","ping_status":"closed","template":"","meta":{"_coblocks_attr":"","_coblocks_dimensions":"","_coblocks_responsive_height":"","_coblocks_accordion_ie_support":""},"product_brand":[],"product_cat":[15],"product_tag":[81],"class_list":{"0":"post-70","1":"product","2":"type-product","3":"status-publish","4":"has-post-thumbnail","6":"product_cat-the-hydra-collection","7":"product_tag-collagen-treatment","9":"first","10":"instock","11":"shipping-taxable","12":"purchasable","13":"product-type-simple"},"acf":[],"_links":{"self":[{"href":"https:\/\/hydrasphereplus.com\/es\/wp-json\/wp\/v2\/product\/70","targetHints":{"allow":["GET"]}}],"collection":[{"href":"https:\/\/hydrasphereplus.com\/es\/wp-json\/wp\/v2\/product"}],"about":[{"href":"https:\/\/hydrasphereplus.com\/es\/wp-json\/wp\/v2\/types\/product"}],"replies":[{"embeddable":true,"href":"https:\/\/hydrasphereplus.com\/es\/wp-json\/wp\/v2\/comments?post=70"}],"wp:featuredmedia":[{"embeddable":true,"href":"https:\/\/hydrasphereplus.com\/es\/wp-json\/wp\/v2\/media\/3073"}],"wp:attachment":[{"href":"https:\/\/hydrasphereplus.com\/es\/wp-json\/wp\/v2\/media?parent=70"}],"wp:term":[{"taxonomy":"product_brand","embeddable":true,"href":"https:\/\/hydrasphereplus.com\/es\/wp-json\/wp\/v2\/product_brand?post=70"},{"taxonomy":"product_cat","embeddable":true,"href":"https:\/\/hydrasphereplus.com\/es\/wp-json\/wp\/v2\/product_cat?post=70"},{"taxonomy":"product_tag","embeddable":true,"href":"https:\/\/hydrasphereplus.com\/es\/wp-json\/wp\/v2\/product_tag?post=70"}],"curies":[{"name":"wp","href":"https:\/\/api.w.org\/{rel}","templated":true}]}}