{"id":72,"date":"2023-10-19T10:57:27","date_gmt":"2023-10-19T10:57:27","guid":{"rendered":"https:\/\/hydrasphereplus.com\/?post_type=product&#038;p=72"},"modified":"2026-01-09T22:23:52","modified_gmt":"2026-01-09T22:23:52","slug":"advanced-foaming-cleanser","status":"publish","type":"product","link":"https:\/\/hydrasphereplus.com\/es\/producto\/advanced-foaming-cleanser\/","title":{"rendered":"Espuma limpiadora activa"},"content":{"rendered":"<p>Mejore su ritual de limpieza con la espuma limpiadora avanzada de Hydrasphere, donde el lujo se une a la excelencia en la limpieza. Nuestra espuma limpiadora sin alcohol es m\u00e1s que un simple lavado de cara; es un acondicionador transformador para su piel. Elaborado por expertos para preparar su lienzo, allana el camino para que su piel absorba todos los beneficios de la hidrataci\u00f3n posterior.<\/p>\n<p>Experimente la magia de la retexturizaci\u00f3n y la ligera exfoliaci\u00f3n mientras desvela suavemente una piel m\u00e1s suave, tersa y radiante. No es solo una limpieza, es una revelaci\u00f3n.<\/p>","protected":false},"excerpt":{"rendered":"<p>Elevate Your Cleansing Ritual with Hydrasphere&#8217;s Advanced Foaming Cleanser &#8211; Where Luxury Meets Cleansing Excellence. Our alcohol-free foaming cleanser is more than just a face wash; it&#8217;s a transformative conditioner for your skin. Expertly crafted to prepare your canvas, it paves the way for your skin to absorb the full benefits of subsequent moisturizing. Experience [&hellip;]<\/p>\n","protected":false},"featured_media":3163,"comment_status":"open","ping_status":"closed","template":"","meta":{"_coblocks_attr":"","_coblocks_dimensions":"","_coblocks_responsive_height":"","_coblocks_accordion_ie_support":""},"product_brand":[],"product_cat":[84,15],"product_tag":[81],"class_list":{"0":"post-72","1":"product","2":"type-product","3":"status-publish","4":"has-post-thumbnail","6":"product_cat-the-detox-collection","7":"product_cat-the-hydra-collection","8":"product_tag-collagen-treatment","10":"first","11":"instock","12":"shipping-taxable","13":"purchasable","14":"product-type-simple"},"acf":[],"_links":{"self":[{"href":"https:\/\/hydrasphereplus.com\/es\/wp-json\/wp\/v2\/product\/72","targetHints":{"allow":["GET"]}}],"collection":[{"href":"https:\/\/hydrasphereplus.com\/es\/wp-json\/wp\/v2\/product"}],"about":[{"href":"https:\/\/hydrasphereplus.com\/es\/wp-json\/wp\/v2\/types\/product"}],"replies":[{"embeddable":true,"href":"https:\/\/hydrasphereplus.com\/es\/wp-json\/wp\/v2\/comments?post=72"}],"wp:featuredmedia":[{"embeddable":true,"href":"https:\/\/hydrasphereplus.com\/es\/wp-json\/wp\/v2\/media\/3163"}],"wp:attachment":[{"href":"https:\/\/hydrasphereplus.com\/es\/wp-json\/wp\/v2\/media?parent=72"}],"wp:term":[{"taxonomy":"product_brand","embeddable":true,"href":"https:\/\/hydrasphereplus.com\/es\/wp-json\/wp\/v2\/product_brand?post=72"},{"taxonomy":"product_cat","embeddable":true,"href":"https:\/\/hydrasphereplus.com\/es\/wp-json\/wp\/v2\/product_cat?post=72"},{"taxonomy":"product_tag","embeddable":true,"href":"https:\/\/hydrasphereplus.com\/es\/wp-json\/wp\/v2\/product_tag?post=72"}],"curies":[{"name":"wp","href":"https:\/\/api.w.org\/{rel}","templated":true}]}}